
{"id":4938,"date":"2020-10-20T18:51:28","date_gmt":"2020-10-20T16:51:28","guid":{"rendered":"https:\/\/przedszkole99.edu.wroclaw.pl\/?page_id=4938"},"modified":"2026-01-14T12:47:59","modified_gmt":"2026-01-14T11:47:59","slug":"deklaracja-dostepnosci","status":"publish","type":"page","link":"https:\/\/przedszkole99.edu.wroclaw.pl\/index.php\/deklaracja-dostepnosci\/","title":{"rendered":"Deklaracja dost\u0119pno\u015bci"},"content":{"rendered":"<h1 id=\"a11y-deklaracja\">Deklaracja dost\u0119pno\u015bci Przedszkole Nr 99<\/h1>\n<p id=\"a11y-wstep\"><span id=\"a11y-podmiot\">Przedszkole Nr 99 we Wroc\u0142awiu<\/span> zobowi\u0105zuje si\u0119 zapewni\u0107 dost\u0119pno\u015b\u0107 swojej strony internetowej zgodnie z przepisami ustawy z dnia 4&nbsp;kwietnia 2019&nbsp;r. o&nbsp;dost\u0119pno\u015bci cyfrowej stron internetowych i&nbsp;aplikacji mobilnych podmiot\u00f3w publicznych. O\u015bwiadczenie w sprawie dost\u0119pno\u015bci ma zastosowanie do strony internetowej <a id=\"a11y-url\" href=\"http:\/\/przedszkole99.edu.wroclaw.pl\"><span style=\"color: #017e9d;\">Przedszkole Nr 99<\/span><\/a>.<\/p>\n<ul>\n<li>Data publikacji strony internetowej: 2015-04-02<\/li>\n<li>Data ostatniej istotnej aktualizacji: 2020-09-07<\/li>\n<\/ul>\n<h2>Status pod wzgl\u0119dem zgodno\u015bci z ustaw\u0105<\/h2>\n<p>Strona internetowa jest <strong id=\"a11y-status\">cz\u0119\u015bciowo zgodna<\/strong> z&nbsp;ustaw\u0105 o&nbsp;dost\u0119pno\u015bci cyfrowej stron internetowych i&nbsp;aplikacji mobilnych podmiot\u00f3w publicznych z powodu niezgodno\u015bci lub wy\u0142\u0105cze\u0144 wymienionych poni\u017cej.<\/p>\n<h3><span style=\"color: #3176af;\"><strong><span style=\"font-size: 18pt;\">Tre\u015bci niedost\u0119pne<\/span><\/strong><\/span><\/h3>\n<ul>\n<li>brak cz\u0119\u015bci opis\u00f3w alternatywnych i tytu\u0142\u00f3w dla cz\u0119\u015bci zdj\u0119\u0107 i obrazk\u00f3w,<\/li>\n<li>cz\u0119\u015b\u0107 dokument\u00f3w PDF nie s\u0105 poprawnie odczytywane przez programy dla os\u00f3b niewidz\u0105cych (np. nieprawid\u0142owo przygotowane tabele, wykresy, obrazki, brak sekcji nawigacyjnych, tytu\u0142u itp.)<\/li>\n<li>cz\u0119\u015b\u0107 artyku\u0142\u00f3w zawiera b\u0142\u0119dy w warstwie tekstowej ( brak informacji o rodzju otwieranych lub pobieranych dokument\u00f3w)<\/li>\n<li>niekt\u00f3re funkcjonalno\u015bci posiadaj\u0105 drobne b\u0142\u0119dy programistyczne, na obecn\u0105 chwil\u0119, niemo\u017cliwe do poprawy bez zewn\u0119trznej ingerencji programistycznej<\/li>\n<\/ul>\n<h3>Przygotowanie deklaracji w sprawie dost\u0119pno\u015bci<\/h3>\n<ul>\n<li>Deklaracj\u0119 sporz\u0105dzono dnia: 2020-09-09<\/li>\n<li>Deklaracja zosta\u0142a ostatnio poddana przegl\u0105dowi i aktualizacji dnia: 2025-03-26<\/li>\n<\/ul>\n<p>Deklaracj\u0119 sporz\u0105dzono na podstawie samooceny.<\/p>\n<h2 id=\"a11y-kontakt\">Informacje zwrotne i dane kontaktowe<\/h2>\n<ul>\n<li>Za rozpatrywanie uwag i wniosk\u00f3w odpowiada: <span id=\"a11y-osoba\">Marta Soroka<\/span>.<\/li>\n<li>E-mail: <span id=\"a11y-email\">marta291@wp.pl<\/span><\/li>\n<li>Telefon: <span id=\"a11y-telefon\">606 874 759<\/span><\/li>\n<\/ul>\n<p id=\"a11y-procedura\">Ka\u017cdy ma prawo:<\/p>\n<ul>\n<li>zg\u0142osi\u0107 uwagi dotycz\u0105ce dost\u0119pno\u015bci cyfrowej strony lub jej elementu,<\/li>\n<li>zg\u0142osi\u0107 \u017c\u0105danie zapewnienia dost\u0119pno\u015bci cyfrowej strony lub jej elementu,<\/li>\n<li>wnioskowa\u0107 o udost\u0119pnienie niedost\u0119pnej informacji w innej alternatywnej formie.<\/li>\n<\/ul>\n<p>\u017b\u0105danie musi zawiera\u0107:<\/p>\n<ul>\n<li>dane kontaktowe osoby zg\u0142aszaj\u0105cej,<\/li>\n<li>wskazanie strony lub elementu strony, kt\u00f3rej dotyczy \u017c\u0105danie,<\/li>\n<li>wskazanie dogodnej formy udost\u0119pnienia informacji, je\u015bli \u017c\u0105danie dotyczy udost\u0119pnienia w formie alternatywnej informacji niedost\u0119pnej.<\/li>\n<\/ul>\n<p>Rozpatrzenie zg\u0142oszenia powinno nast\u0105pi\u0107 niezw\u0142ocznie, najp\u00f3\u017aniej w ci\u0105gu 7 dni. Je\u015bli w tym terminie zapewnienie dost\u0119pno\u015bci albo zapewnienie dost\u0119pu w alternatywnej formie nie jest mo\u017cliwe, powinno nast\u0105pi\u0107 najdalej w ci\u0105gu 2 miesi\u0119cy od daty zg\u0142oszenia.<\/p>\n<h3>Skargi i odwo\u0142ania<\/h3>\n<p>Na niedotrzymanie tych termin\u00f3w oraz na odmow\u0119 realizacji \u017c\u0105dania mo\u017cna z\u0142o\u017cy\u0107 skarg\u0119 do organu nadzoruj\u0105cego poczt\u0105 lub drog\u0105 elektroniczn\u0105 na adres:<\/p>\n<ul>\n<li>Organ nadzoruj\u0105cy: Dyrektor Przedszkola nr 99 we Wroc\u0142awiu<\/li>\n<li>Adres: Ul. Inowroc\u0142awska 9<br \/>53-653 Wroc\u0142aw<\/li>\n<li>E-mail: sekretariat.p099@wroclawskaedukacja.pl<\/li>\n<li>Telefon: 71 7986827<\/li>\n<\/ul>\n<p>Skarg\u0119 mo\u017cna z\u0142o\u017cy\u0107 r\u00f3wnie\u017c do <span style=\"color: #017e9d;\"><a style=\"color: #017e9d;\" href=\"https:\/\/www.rpo.gov.pl\/content\/jak-zglosic-sie-do-rzecznika-praw-obywatelskich\">Rzecznika Praw Obywatelskich<\/a><\/span>.<\/p>\n<h2 id=\"a11y-architektura\">Dost\u0119pno\u015b\u0107 architektoniczna<\/h2>\n<p>Siedziba Przedszkola Nr 99 we Wroc\u0142awiu mieszcz\u0105ca si\u0119 przy ulicy Inowroc\u0142awskiej 9 we Wroc\u0142awiu nie jest przystosowana dla os\u00f3b niepe\u0142nosprawnych.<br \/>Do przedszkola prowadzi jedno wej\u015bcie g\u0142\u00f3wne przeznaczone dla u\u017cytkownik\u00f3w budynku oraz go\u015bci\/interesant\u00f3w.<br \/>Drugie wej\u015bcie usytuowane od strony bramy wjazdowej na teren przedszkola jest wej\u015bciem gospodarczym przeznaczonym dla pracownik\u00f3w oraz firm zaopatrzeniowych\/us\u0142ugowych.<br \/>Do obu wej\u015b\u0107 prowadz\u0105 schody , przy kt\u00f3rych nie ma podjazd\u00f3w dla w\u00f3zk\u00f3w.<br \/>Wej\u015bcie g\u0142\u00f3wne stanowi\u0105ce dwie pary drzwi nie jest wyposa\u017cone w system informacji naprowadzaj\u0105cej d\u017awi\u0119kowo osoby niewidome i s\u0142abowidz\u0105ce.<br \/>Wewn\u0119trzne drzwi wej\u015bcia g\u0142\u00f3wnego do budynku wyposa\u017cone s\u0105 w system kontroli dost\u0119pu. Rodzice \/ osoby upowa\u017cnione do odbioru dzieci z plac\u00f3wki otwieraj\u0105 drzwi wewn\u0119trzne za pomoc\u0105 indywidualnych kart dost\u0119pu.<br \/>Inne osoby (go\u015bcie, interesanci) mog\u0105 wej\u015b\u0107 do budynku sygnalizuj\u0105c ten zamiar pracownikowi dy\u017curuj\u0105cemu za pomoc\u0105 dzwonka znajduj\u0105cego si\u0119 przy drzwiach wewn\u0119trznych do budynku .<br \/>Dla os\u00f3b na w\u00f3zkach dost\u0119pny jest tylko korytarz i szatnia dzieci\u0119ca oraz pomieszczenia na parterze. Na pi\u0119tro prowadz\u0105 schody, kt\u00f3re nie s\u0105 wyposa\u017cone w urz\u0105dzenia typu pochylnie, platformy przyschodowe. W budynku nie ma te\u017c windy osobowej.<br \/>Przedszkole nie posiada toalety przystosowanej do potrzeb os\u00f3b niepe\u0142nosprawnych. Przed budynkiem nie ma miejsc parkingowych dla os\u00f3b niepe\u0142nosprawnych.<br \/>Do budynku mo\u017cna wej\u015b\u0107 z psem asystuj\u0105cym i psem przewodnikiem.<br \/>W przedszkolu nie ma p\u0119tli indukcyjnych. W budynku nie ma oznacze\u0144 w alfabecie brajla ani oznacze\u0144 kontrastowych lub w druku powi\u0119kszonym dla os\u00f3b niewidz\u0105cych i s\u0142abowidz\u0105cych.<\/p>\n<p>Brak t\u0142umacza j\u0119zyka migowego.<\/p>\n<h3>Udogodnienia<\/h3>\n<ul>\n<li>Domy\u015ble skr\u00f3ty klawiszowe przegl\u0105darek internetowych<\/li>\n<li>Prze\u0142\u0105cznik kontrastowy<\/li>\n<\/ul>\n<p><strong>Raport o stanie zapewnienie dost\u0119pno\u015bci<\/strong><\/p>\n<ul>\n<li><a href=\"https:\/\/przedszkole99.edu.wroclaw.pl\/wp-content\/uploads\/sites\/14\/2021\/03\/Raport-o-stanie-zapewnienie-dostepnosci1.pdf\">Raport o stanie zapewnienie dost\u0119pno\u015bci strona 1<\/a><\/li>\n<li><a href=\"https:\/\/przedszkole99.edu.wroclaw.pl\/wp-content\/uploads\/sites\/14\/2021\/03\/Raport-o-stanie-zapewnienie-dostepnosci2.pdf\">Raport o stanie zapewnienie dost\u0119pno\u015bci strona 2<\/a><\/li>\n<li><a href=\"https:\/\/przedszkole99.edu.wroclaw.pl\/wp-content\/uploads\/sites\/14\/2021\/03\/Raport-o-stanie-zapewnienia-dostepnosci3.pdf\">Raport o stanie zapewnienie dost\u0119pno\u015bci strona 3<\/a><\/li>\n<li><a href=\"https:\/\/przedszkole99.edu.wroclaw.pl\/wp-content\/uploads\/sites\/14\/2021\/03\/Raport-o-stanie-zapewnienia-dostepnosci4.pdf\">Raport o stanie zapewnienie dost\u0119pno\u015bci strona 4<\/a><\/li>\n<\/ul>\n<p>&nbsp;<\/p>\n","protected":false},"excerpt":{"rendered":"<p>Deklaracja dost\u0119pno\u015bci Przedszkole Nr 99 Przedszkole Nr 99 we Wroc\u0142awiu zobowi\u0105zuje si\u0119 zapewni\u0107 dost\u0119pno\u015b\u0107 swojej strony internetowej zgodnie z przepisami ustawy z dnia 4&nbsp;kwietnia 2019&nbsp;r. o&nbsp;dost\u0119pno\u015bci cyfrowej stron internetowych i&nbsp;aplikacji [&hellip;]<\/p>\n","protected":false},"author":7,"featured_media":0,"parent":0,"menu_order":0,"comment_status":"closed","ping_status":"closed","template":"","meta":{"ngg_post_thumbnail":0,"footnotes":""},"class_list":["post-4938","page","type-page","status-publish","hentry","clearfix"],"_links":{"self":[{"href":"https:\/\/przedszkole99.edu.wroclaw.pl\/index.php\/wp-json\/wp\/v2\/pages\/4938","targetHints":{"allow":["GET"]}}],"collection":[{"href":"https:\/\/przedszkole99.edu.wroclaw.pl\/index.php\/wp-json\/wp\/v2\/pages"}],"about":[{"href":"https:\/\/przedszkole99.edu.wroclaw.pl\/index.php\/wp-json\/wp\/v2\/types\/page"}],"author":[{"embeddable":true,"href":"https:\/\/przedszkole99.edu.wroclaw.pl\/index.php\/wp-json\/wp\/v2\/users\/7"}],"replies":[{"embeddable":true,"href":"https:\/\/przedszkole99.edu.wroclaw.pl\/index.php\/wp-json\/wp\/v2\/comments?post=4938"}],"version-history":[{"count":20,"href":"https:\/\/przedszkole99.edu.wroclaw.pl\/index.php\/wp-json\/wp\/v2\/pages\/4938\/revisions"}],"predecessor-version":[{"id":8446,"href":"https:\/\/przedszkole99.edu.wroclaw.pl\/index.php\/wp-json\/wp\/v2\/pages\/4938\/revisions\/8446"}],"wp:attachment":[{"href":"https:\/\/przedszkole99.edu.wroclaw.pl\/index.php\/wp-json\/wp\/v2\/media?parent=4938"}],"curies":[{"name":"wp","href":"https:\/\/api.w.org\/{rel}","templated":true}]}}