
{"id":3930,"date":"2016-02-18T15:57:45","date_gmt":"2016-02-18T14:57:45","guid":{"rendered":"https:\/\/przedszkole99.edu.wroclaw.pl\/?page_id=3930"},"modified":"2021-04-07T10:33:40","modified_gmt":"2021-04-07T08:33:40","slug":"o-nas","status":"publish","type":"page","link":"https:\/\/przedszkole99.edu.wroclaw.pl\/index.php\/o-nas\/","title":{"rendered":"O nas"},"content":{"rendered":"<div class=\"wpb-content-wrapper\"><p>[vc_row][vc_column width=&#8221;1\/2&#8243;][vc_wp_text]<\/p>\n<h3>Bezpiecze\u0144stwo<\/h3>\n<p>Tworzymy warunki, aby pobyt dziecka w przedszkolu by\u0142 bezpieczny pod wzgl\u0119dem fizycznym i emocjonalnym, ze szczeg\u00f3lnym uwzgl\u0119dnieniem dzia\u0142a\u0144 zapobiegawczych.<\/p>\n<h3>Zdrowie<\/h3>\n<p style=\"text-align: left;\">Jeste\u015bmy plac\u00f3wk\u0105 przyjazn\u0105 zdrowemu \u017cywieniu i aktywno\u015bci fizycznej.<\/p>\n<p>Realizujemy r\u00f3\u017cne programy i projekty profilaktyczne , w\u0142asne oraz og\u00f3lnopolskie, maj\u0105ce na celu kszta\u0142towanie w\u0142a\u015bciwych nawyk\u00f3w zdrowotnych dzieci.<\/p>\n<p>Nale\u017cymy do Wroc\u0142awskiej Sieci Przedszkoli Promuj\u0105cych Zdrowie.<\/p>\n<p>Jeste\u015bmy cz\u0142onkiem Dolno\u015bl\u0105skiej Sieci Przedszkoli i Szk\u00f3\u0142 Ekologicznych<\/p>\n<h3>Edukacja i wychowanie<\/h3>\n<p>Stosujemy nowoczesne metody, sprawdzone formy pracy z dzie\u0107mi, oparte przede wszystkim o za\u0142o\u017cenia pedagogiki zabawy.<\/p>\n<p style=\"text-align: left;\">Stawiamy znak r\u00f3wno\u015bci pomi\u0119dzy akceptacj\u0105 i realizacj\u0105 przez dziecko w\u0142asnych potrzeb i potrzeb innych. Promujemy pozytywne warto\u015bci \u2013 uczymy dzieci otwarto\u015bci na drugiego cz\u0142owieka ,w\u0142a\u015bciwych postaw wobec niepe\u0142nosprawno\u015bci, tolerancji, akceptacji dla odmienno\u015bci, wsp\u00f3\u0142dzia\u0142ania. Stale doskonalimy swoje kompetencje interkulturowe do pracy z dzie\u0107mi i ich rodzicami \u2013 uczestniczymy w miejskim programie <em>Ambasadorzy Dialogu.<\/em><\/p>\n<p>W spos\u00f3b ci\u0105g\u0142y uczestniczymy w akcjach charytatywnych ucz\u0105c dzieci m\u0105drego pomagania.[\/vc_wp_text][\/vc_column][vc_column width=&#8221;1\/2&#8243;][vc_wp_text]<\/p>\n<p><a href=\"https:\/\/przedszkole99.edu.wroclaw.pl\/wp-content\/uploads\/sites\/14\/2016\/02\/DSC00695.jpg\" rel=\"attachment wp-att-3856\"><img loading=\"lazy\" decoding=\"async\" class=\"alignnone size-medium wp-image-3856\" src=\"https:\/\/przedszkole99.edu.wroclaw.pl\/wp-content\/uploads\/sites\/14\/2016\/02\/DSC00695-300x225.jpg\" alt=\"DSC00695\" width=\"431\" height=\"294\"><\/a><br \/>\n[\/vc_wp_text][\/vc_column][\/vc_row][vc_row full_width=&#8221;1&#8243; row_head_color=&#8221;#575656&#8243; bg_style=&#8221;img_fixed&#8221; css=&#8221;.vc_custom_1446719413805{padding-top: 40px !important;padding-bottom: 120px !important;}&#8221;][vc_column text_align=&#8221;center&#8221; cms_title_size=&#8221;h2&#8243;][vc_wp_text]<\/p>\n<h2><a href=\"https:\/\/przedszkole99.edu.wroclaw.pl\/wp-content\/uploads\/sites\/14\/2016\/02\/Przedszkole-99.png\" rel=\"attachment wp-att-3871\"><img loading=\"lazy\" decoding=\"async\" class=\"wp-image-3871 alignright\" src=\"https:\/\/przedszkole99.edu.wroclaw.pl\/wp-content\/uploads\/sites\/14\/2016\/02\/Przedszkole-99-300x81.png\" alt=\"Przedszkole 99\" width=\"293\" height=\"79\" srcset=\"https:\/\/przedszkole99.edu.wroclaw.pl\/wp-content\/uploads\/sites\/14\/2016\/02\/Przedszkole-99-300x81.png 300w, https:\/\/przedszkole99.edu.wroclaw.pl\/wp-content\/uploads\/sites\/14\/2016\/02\/Przedszkole-99-768x206.png 768w, https:\/\/przedszkole99.edu.wroclaw.pl\/wp-content\/uploads\/sites\/14\/2016\/02\/Przedszkole-99-1024x275.png 1024w, https:\/\/przedszkole99.edu.wroclaw.pl\/wp-content\/uploads\/sites\/14\/2016\/02\/Przedszkole-99-624x168.png 624w\" sizes=\"auto, (max-width: 293px) 100vw, 293px\" \/><\/a><strong><em>MISJA PRZEDSZKOLA NR 99 <\/em><\/strong><\/h2>\n<p><em>Dbamy o wszechstronny rozw\u00f3j dziecka, aby umo\u017cliwi\u0107 mu wyr\u00f3wnany start w szkole. <\/em><\/p>\n<p style=\"text-align: left;\"><em>Wspieramy dziecko w jego indywidualnym rozwoju, tak aby mog\u0142o zrozumie\u0107 \u015bwiat takim jakim jest i przygotowa\u0107 do \u017cycia w \u015bwiecie jakim b\u0119dzie.<\/em><\/p>\n<p><em>Zapewniamy bezpieczny pobyt w \u017cyczliwej atmosferze akceptacji i zrozumienia. W swoich dzia\u0142aniach kierujemy si\u0119 dobrem dziecka preferuj\u0105c zasad\u0119 radosnego prze\u017cywania dzieci\u0144stwa. <\/em><\/p>\n<p><em>Tworzymy warunki do rozwoju kreatywno\u015bci, daj\u0105c dzieciom&nbsp;&nbsp;&nbsp;&nbsp; mo\u017cliwo\u015b\u0107 rozwijania swoich zainteresowa\u0144 i predyspozycji tak, aby ka\u017cde z nich mog\u0142o osi\u0105gn\u0105\u0107 sw\u00f3j w\u0142asny sukces. <\/em><\/p>\n<p><em>Szczeg\u00f3ln\u0105 uwag\u0119 zwracamy na rozwijanie poczucia to\u017csamo\u015bci, szeroko eksponuj\u0105c w ca\u0142ym procesie wychowawczo-dydaktycznym warto\u015bci tkwi\u0105ce w rodzinie. Uwra\u017cliwiamy dzieci na pi\u0119kno przyrody i potrzeb\u0119&nbsp;&nbsp; ochrony \u015brodowiska naturalnego, a tak\u017ce dba\u0142o\u015b\u0107 o zdrowie w\u0142asne i innych. <\/em><\/p>\n<p><em>Partnersko wsp\u00f3\u0142pracujemy z rodzicami naszych wychowank\u00f3w. Wspieramy ich w dzia\u0142aniach wychowawczych i edukacyjnych. <\/em><\/p>\n<p><em>Wychowanek naszego przedszkola zna i docenia swoj\u0105 warto\u015b\u0107, potrafi by\u0107 elastyczny wobec wyzwa\u0144 i otwarty na szukanie nowych rozwi\u0105za\u0144. Ma potrzeb\u0119 aktywnego bycia w \u015bwiecie kultury.<\/em><\/p>\n<p><em>Dobrze funkcjonuje w przestrzeni spo\u0142ecznej. <\/em><\/p>\n<p><em>W spos\u00f3b odpowiedzialny korzysta z zasob\u00f3w natury.<\/em>[\/vc_wp_text][\/vc_column][\/vc_row][vc_column][vc_column_text]<br \/>\n[\/vc_column_text][\/vc_column][vc_column_text]<br \/>\n[\/vc_column_text]<\/p>\n<\/div>","protected":false},"excerpt":{"rendered":"<p>[vc_row][vc_column width=&#8221;1\/2&#8243;][vc_wp_text] Bezpiecze\u0144stwo Tworzymy warunki, aby pobyt dziecka w przedszkolu by\u0142 bezpieczny pod wzgl\u0119dem fizycznym i emocjonalnym, ze szczeg\u00f3lnym uwzgl\u0119dnieniem dzia\u0142a\u0144 zapobiegawczych. Zdrowie Jeste\u015bmy plac\u00f3wk\u0105 przyjazn\u0105 zdrowemu \u017cywieniu i aktywno\u015bci [&hellip;]<\/p>\n","protected":false},"author":7,"featured_media":0,"parent":0,"menu_order":0,"comment_status":"closed","ping_status":"closed","template":"","meta":{"ngg_post_thumbnail":0,"footnotes":""},"class_list":["post-3930","page","type-page","status-publish","hentry","clearfix"],"_links":{"self":[{"href":"https:\/\/przedszkole99.edu.wroclaw.pl\/index.php\/wp-json\/wp\/v2\/pages\/3930","targetHints":{"allow":["GET"]}}],"collection":[{"href":"https:\/\/przedszkole99.edu.wroclaw.pl\/index.php\/wp-json\/wp\/v2\/pages"}],"about":[{"href":"https:\/\/przedszkole99.edu.wroclaw.pl\/index.php\/wp-json\/wp\/v2\/types\/page"}],"author":[{"embeddable":true,"href":"https:\/\/przedszkole99.edu.wroclaw.pl\/index.php\/wp-json\/wp\/v2\/users\/7"}],"replies":[{"embeddable":true,"href":"https:\/\/przedszkole99.edu.wroclaw.pl\/index.php\/wp-json\/wp\/v2\/comments?post=3930"}],"version-history":[{"count":39,"href":"https:\/\/przedszkole99.edu.wroclaw.pl\/index.php\/wp-json\/wp\/v2\/pages\/3930\/revisions"}],"predecessor-version":[{"id":5266,"href":"https:\/\/przedszkole99.edu.wroclaw.pl\/index.php\/wp-json\/wp\/v2\/pages\/3930\/revisions\/5266"}],"wp:attachment":[{"href":"https:\/\/przedszkole99.edu.wroclaw.pl\/index.php\/wp-json\/wp\/v2\/media?parent=3930"}],"curies":[{"name":"wp","href":"https:\/\/api.w.org\/{rel}","templated":true}]}}