
{"id":3898,"date":"2016-02-17T15:08:23","date_gmt":"2016-02-17T14:08:23","guid":{"rendered":"https:\/\/przedszkole99.edu.wroclaw.pl\/?page_id=3898"},"modified":"2017-04-26T13:05:10","modified_gmt":"2017-04-26T11:05:10","slug":"o-przedszkolu-nr-99","status":"publish","type":"page","link":"https:\/\/przedszkole99.edu.wroclaw.pl\/index.php\/o-przedszkolu-nr-99\/","title":{"rendered":"O Przedszkolu nr 99"},"content":{"rendered":"<p style=\"text-align: justify;\">Przedszkole zlokalizowane jest w dzielnicy Stare Miasto ( osiedle Szczepin ), w miejscu bardzo dobrze skomunikowanym z ca\u0142ym miastem. Jednopi\u0119trowy wolnostoj\u0105cy budynek otoczony du\u017cym zadrzewionym placem zabaw dla dzieci, usytuowany jest w zabudowie mi\u0119dzyblokowej.<\/p>\n<p style=\"text-align: justify;\">Przedszkole nastawione jest na tworzenie optymalnych warunk\u00f3w rozwoju ka\u017cdego wychowanka oraz umacnianie klimatu, w kt\u00f3rym pami\u0119ta si\u0119 o niepowtarzalno\u015bci ka\u017cdego dziecka oraz o tym, \u017ce sukces dla ka\u017cdego mo\u017ce oznacza\u0107 co innego &#8211; inny poziom wiadomo\u015bci, umiej\u0119tno\u015bci, osi\u0105gni\u0119tych kompetencji. Zapewniamy naszym wychowankom warunki dobrej zabawy, stwarzamy okazje do samodzielnego dzia\u0142ania, odczuwania poczucia sprawstwa, do\u015bwiadczenia ciep\u0142ej domowej atmosfery sprzyjaj\u0105cych prze\u017cywaniu radosnego dzieci\u0144stwa. Kadra pedagogiczna zapewnia wsparcie dzieciom ze szczeg\u00f3lnymi potrzebami edukacyjnymi. Praca ca\u0142ego zespo\u0142u nakierowana jest na szybk\u0105, trafn\u0105 diagnoz\u0119 oraz wsp\u00f3\u0142prac\u0119 ze specjalistami zatrudnionymi w plac\u00f3wce i poza ni\u0105, a tak\u017ce na dobry kontakt z rodzicami naszych wychowank\u00f3w, co umo\u017cliwia min. szybk\u0105 interwencj\u0119 oraz podj\u0119cie skutecznych wsp\u00f3lnych dzia\u0142a\u0144 daj\u0105cych dziecku szans\u0119 na dalszy rozw\u00f3j.<\/p>\n<p style=\"text-align: justify;\">Aby poszerzy\u0107 zainteresowania przedszkolak\u00f3w w naszych dzia\u0142aniach z dzie\u0107mi szeroko wykorzystujemy oferty miasta oraz r\u00f3\u017cnych instytucji, fundacji, stowarzysze\u0144. Nasze przedszkolaki uczestnicz\u0105 w r\u00f3\u017cnych programach miejskich, odwiedzaj\u0105 galerie, muzea, Domy Kultury, poznaj\u0105 ciekawe miejsca w mie\u015bcie i regionie.<\/p>\n","protected":false},"excerpt":{"rendered":"<p>Przedszkole zlokalizowane jest w dzielnicy Stare Miasto ( osiedle Szczepin ), w miejscu bardzo dobrze skomunikowanym z ca\u0142ym miastem. Jednopi\u0119trowy wolnostoj\u0105cy budynek otoczony du\u017cym zadrzewionym placem zabaw dla dzieci, usytuowany [&hellip;]<\/p>\n","protected":false},"author":7,"featured_media":0,"parent":0,"menu_order":0,"comment_status":"closed","ping_status":"closed","template":"","meta":{"ngg_post_thumbnail":0,"footnotes":""},"class_list":["post-3898","page","type-page","status-publish","hentry","clearfix"],"_links":{"self":[{"href":"https:\/\/przedszkole99.edu.wroclaw.pl\/index.php\/wp-json\/wp\/v2\/pages\/3898","targetHints":{"allow":["GET"]}}],"collection":[{"href":"https:\/\/przedszkole99.edu.wroclaw.pl\/index.php\/wp-json\/wp\/v2\/pages"}],"about":[{"href":"https:\/\/przedszkole99.edu.wroclaw.pl\/index.php\/wp-json\/wp\/v2\/types\/page"}],"author":[{"embeddable":true,"href":"https:\/\/przedszkole99.edu.wroclaw.pl\/index.php\/wp-json\/wp\/v2\/users\/7"}],"replies":[{"embeddable":true,"href":"https:\/\/przedszkole99.edu.wroclaw.pl\/index.php\/wp-json\/wp\/v2\/comments?post=3898"}],"version-history":[{"count":1,"href":"https:\/\/przedszkole99.edu.wroclaw.pl\/index.php\/wp-json\/wp\/v2\/pages\/3898\/revisions"}],"predecessor-version":[{"id":3899,"href":"https:\/\/przedszkole99.edu.wroclaw.pl\/index.php\/wp-json\/wp\/v2\/pages\/3898\/revisions\/3899"}],"wp:attachment":[{"href":"https:\/\/przedszkole99.edu.wroclaw.pl\/index.php\/wp-json\/wp\/v2\/media?parent=3898"}],"curies":[{"name":"wp","href":"https:\/\/api.w.org\/{rel}","templated":true}]}}