
{"id":3755,"date":"2016-02-02T08:58:23","date_gmt":"2016-02-02T07:58:23","guid":{"rendered":"https:\/\/przedszkole99.edu.wroclaw.pl\/?page_id=3755"},"modified":"2026-03-31T14:10:28","modified_gmt":"2026-03-31T12:10:28","slug":"grupa-5","status":"publish","type":"page","link":"https:\/\/przedszkole99.edu.wroclaw.pl\/index.php\/grupa-5\/","title":{"rendered":"Grupa V"},"content":{"rendered":"<div class=\"wpb-content-wrapper\"><p>[vc_row css=&#8221;.vc_custom_1632475291631{background: #ffe123 url(https:\/\/przedszkola.edu.wroclaw.pl\/wp-content\/uploads\/sites\/30\/2021\/06\/tlo.png) !important;}&#8221;][vc_column][vc_tta_tabs active_section=&#8221;1&#8243;][vc_tta_section title=&#8221;O nas&#8221; tab_id=&#8221;1568387962850-77fd92a3-b3df&#8221;][vc_hoverbox]Click edit button to change this text. Lorem ipsum dolor sit amet, consectetur adipiscing elit. Ut elit tellus, luctus nec ullamcorper mattis, pulvinar dapibus leo.[\/vc_hoverbox][vc_row_inner row_color=&#8221;#ffffff&#8221; row_head_color=&#8221;#ffffff&#8221; row_link_color=&#8221;#ffffff&#8221;][vc_column_inner width=&#8221;2\/3&#8243; css=&#8221;.vc_custom_1429074013896{padding-left: 0px !important;}&#8221;][vc_column_text css=&#8221;&#8221;]<\/p>\n<h3>Nauczyciele- wychowawcy grupy V:<\/h3>\n<p><strong>Jolanta Dondziak<\/strong><\/p>\n<p><strong>Anna \u0141ukawska- dyrektor<\/strong><\/p>\n<p><strong>Katarzyna Gu\u0142owska-Balcerzak-wicedyrektor<\/strong><\/p>\n<div dir=\"auto\"><\/div>\n<p>[\/vc_column_text][\/vc_column_inner][vc_column_inner width=&#8221;1\/3&#8243; text_align=&#8221;right&#8221; css=&#8221;.vc_custom_1429074444664{padding-right: 0px !important;}&#8221;][vc_empty_space height=&#8221;10px&#8221;][vc_column_text]<\/p>\n<p>[\/vc_column_text][\/vc_column_inner][\/vc_row_inner][\/vc_tta_section][vc_tta_section title=&#8221;Aktualno\u015bci&#8221; tab_id=&#8221;1568387962891-5b8a6908-03af&#8221;][vc_row_inner row_color=&#8221;#ffffff&#8221; row_head_color=&#8221;#ffffff&#8221; row_link_color=&#8221;#ffffff&#8221;][vc_column_inner width=&#8221;2\/3&#8243; css=&#8221;.vc_custom_1429074013896{padding-left: 0px !important;}&#8221;][vc_column_text css=&#8221;&#8221;]<strong>Aktualno\u015bci:<\/strong><\/p>\n<p>3.04 ( pi\u0105tek)\u2013 wyj\u015bcie do Dolno\u015bl\u0105skiej Biblioteki Pedagogicznej \u201e Na ratunek Wielkanocy\u201d<\/p>\n<p>17.04 (pi\u0105tek) zaj\u0119cia z kreatywno\u015bci<\/p>\n<p>Dnia 22 kwietnia 2026 r. b\u0119dziemy obchodzi\u0107 w naszym przedszkolu \u015awiatowy Dzie\u0144 Ziemi. Z tej okazji prosimy, aby tego dnia ubra\u0107 dzieci w kolor zielony<\/p>\n<p>&nbsp;<\/p>\n<p>Drodzy Pa\u0144stwo,<br \/>\nprosimy o bie\u017c\u0105ce \u015bledzenie tablic og\u0142osze\u0144, na kt\u00f3rych umieszczane s\u0105 wszystkie aktualno\u015bci i wa\u017cne komunikaty.<\/p>\n<p>Dzi\u0119ki temu b\u0119d\u0105 Pa\u0144stwo zawsze na bie\u017c\u0105co z informacjami.<\/p>\n<p>Dzi\u0119kujemy za wsp\u00f3\u0142prac\u0119!<\/p>\n<p>&nbsp;<\/p>\n<div dir=\"auto\" data-olk-copy-source=\"MessageBody\">Zapraszamy wszystkich rodzic\u00f3w do odwiedzenia i zaobserwowania naszego nowego profilu na Facebooku. B\u0119dziemy tam dzieli\u0107 si\u0119 z Pa\u0144stwem ciekawostkami z \u017cycia Przedszkola i naszych Przedszkolak\u00f3w.<\/div>\n<div dir=\"auto\"><\/div>\n<div dir=\"auto\">Link do profilu:<\/div>\n<div dir=\"auto\">https:\/\/www.facebook.com\/share\/1JZmYh4hq4\/?mibextid=wwXIfr<\/div>\n<div dir=\"auto\"><\/div>\n<p><a href=\"https:\/\/przedszkole99.edu.wroclaw.pl\/wp-content\/uploads\/sites\/14\/2025\/03\/Screenshot_20250328_133337_Facebook.jpg\"><img loading=\"lazy\" decoding=\"async\" class=\"alignnone size-medium wp-image-8146\" src=\"https:\/\/przedszkole99.edu.wroclaw.pl\/wp-content\/uploads\/sites\/14\/2025\/03\/Screenshot_20250328_133337_Facebook-300x241.jpg\" alt=\"\" width=\"300\" height=\"241\" srcset=\"https:\/\/przedszkole99.edu.wroclaw.pl\/wp-content\/uploads\/sites\/14\/2025\/03\/Screenshot_20250328_133337_Facebook-300x241.jpg 300w, https:\/\/przedszkole99.edu.wroclaw.pl\/wp-content\/uploads\/sites\/14\/2025\/03\/Screenshot_20250328_133337_Facebook-1024x821.jpg 1024w, https:\/\/przedszkole99.edu.wroclaw.pl\/wp-content\/uploads\/sites\/14\/2025\/03\/Screenshot_20250328_133337_Facebook-768x616.jpg 768w, https:\/\/przedszkole99.edu.wroclaw.pl\/wp-content\/uploads\/sites\/14\/2025\/03\/Screenshot_20250328_133337_Facebook.jpg 1079w\" sizes=\"auto, (max-width: 300px) 100vw, 300px\" \/><\/a><\/p>\n<p>&nbsp;<\/p>\n<p>&nbsp;<\/p>\n<p>&nbsp;<\/p>\n<div>\n<p>&nbsp;<\/p>\n<\/div>\n<p>[\/vc_column_text][\/vc_column_inner][vc_column_inner width=&#8221;1\/3&#8243; text_align=&#8221;right&#8221; css=&#8221;.vc_custom_1429074444664{padding-right: 0px !important;}&#8221;][vc_column_text]<\/p>\n<p>[\/vc_column_text][\/vc_column_inner][\/vc_row_inner][\/vc_tta_section][vc_tta_section title=&#8221;Tematyka miesi\u0119czna&#8221; tab_id=&#8221;1568387999255-f8002309-9423&#8243;][vc_row_inner row_color=&#8221;#ffffff&#8221; row_head_color=&#8221;#ffffff&#8221; row_link_color=&#8221;#ffffff&#8221;][vc_column_inner width=&#8221;2\/3&#8243; css=&#8221;.vc_custom_1429074013896{padding-left: 0px !important;}&#8221;][vc_column_text css=&#8221;&#8221;]<strong>\u00a0<\/strong><\/p>\n<div data-ogsb=\"rgb(255, 255, 255)\"><\/div>\n<div data-ogsb=\"rgb(255, 255, 255)\">\n<p data-ogsc=\"rgb(0, 0, 0)\">\n<\/div>\n<div data-ogsb=\"rgb(255, 255, 255)\">\n<p data-ogsc=\"rgb(0, 0, 0)\">\n<\/div>\n<p>[\/vc_column_text][vc_column_text css=&#8221;&#8221;]<strong>Tematyka na kwiecie\u0144:<\/strong><\/p>\n<p>&nbsp;<\/p>\n<p>1-03.04 Tradycje Wielkanocne<\/p>\n<p>&nbsp;<\/p>\n<p>06-10.04- Bezpieczne poruszanie si\u0119 hulajnog\u0105, rowerem , rolkami.<\/p>\n<p>&nbsp;<\/p>\n<p>13-17.04- Pies i kot przyjaciel cz\u0142owieka<\/p>\n<p>&nbsp;<\/p>\n<p>20-30.04- Pi\u0119kna Nasza Polska Ca\u0142a. Mali Wielcy Odkrywcy.<\/p>\n<p>&nbsp;<\/p>\n<p>Cele og\u00f3lne:<\/p>\n<p>\u0095 Zabawy literowe \u2013 wprowadzenie ma\u0142ej i wielkiej litery drukowanej \u201eu,U\u201d \u201ec,C\u201d<\/p>\n<p>\u201e\u0142,\u0141\u201d, \u201ej,J\u201d &#8211; wyszukiwanie wyraz\u00f3w rozpoczynaj\u0105cych si\u0119 na poznan\u0105 liter\u0119, zaznaczanie w wyrazach poznanej litery, pr\u00f3by czytania sylab i prostych wyraz\u00f3w u\u0142o\u017conych z poznanych liter. Rozwijanie umiej\u0119tno\u015bci czytania.<\/p>\n<p>\u0095 Dokonywanie analizy i syntezy wyrazowej ( dzielenie wyraz\u00f3w na sylaby, g\u0142oskowanie, wyodr\u0119bnianie pierwszej i ostatniej g\u0142oski w wyrazie)<\/p>\n<p>\u0095 Zabawy z ca\u0142ym alfabetem -pr\u00f3by uk\u0142adania wyraz\u00f3w z poznanych liter.Turnieje wyrazowo, obrazkowe \u2013 wymy\u015blanie wyraz\u00f3w rozpoczynaj\u0105cych si\u0119 na podan\u0105 przez nauczyciela g\u0142osk\u0119 \u2013 praca zespo\u0142owa i indywidualna \u2013 dziecko, kt\u00f3re nie potrafi pisa\u0107 nazw\u0119 wyrazu przedstawia obrazkiem przez siebie narysowanym.<\/p>\n<p>\u0095 Opowiadanie historyjek obrazkowych oraz tworzenie w\u0142asnych ksi\u0105\u017ceczek, wymy\u015blanie w\u0142asnych historii \u2013 rozwijanie my\u015blenia przyczynowo skutkowego, umiej\u0119tno\u015bci wyci\u0105gania wniosk\u00f3w, rozwijanie mowy, wypowiedzi wielozdaniowych, zwracanie uwag\u0119 na stosowanie poprawnych form fleksyjnych, prawid\u0142owych konstrukcji sk\u0142adniowych<\/p>\n<p>\u0095 Uk\u0142adanie zda\u0144 z podanym przez nauczyciela wyrazem.<\/p>\n<p>\u0095 Zdobywanie dalszych do\u015bwiadcze\u0144 w m\u00f3wieniu oraz \u201e byciu s\u0142uchanym\u201d, dzielenie si\u0119 prze\u017cyciami. Poszukiwanie w\u0142asnych dr\u00f3g rozwi\u0105za\u0144, formu\u0142owanie pyta\u0144 i odpowiedzi w sytuacjach zadaniowych.<\/p>\n<p>\u0095 Dostrzeganie warto\u015bci tradycji \u015bwi\u0105t wielkanocnych. Szanowanie tradycji innych kultur i religii.<\/p>\n<p>\u0095 Rozwijanie szacunku do ojczyzny przez rozbudzanie zainteresowa\u0144 zwi\u0105zanych z ma\u0142\u0105 ojczyzn\u0105. Utrwalenie symboli narodowych. Podkre\u015blanie wagi \u015bwi\u0105t pa\u0144stwowych.<\/p>\n<p>\u0095 Nabywanie umiej\u0119tno\u015bci korzystania ze \u015brodk\u00f3w komunikacji miejskiej, jestem widoczny na ulicy &#8211; odblaski kamizelki ostrzegawcze. Bezpieczne poruszanie si\u0119 rowerem, hulajnogami oraz rolkami.<\/p>\n<p>\u0095 Kszta\u0142towanie postaw ekologicznych &#8211; utrwalenie wiedzy dotycz\u0105cej plastiku<\/p>\n<p>( segregacja, przetwarzanie). Gra online EKOEKSPERYMENTARIUM- dokonywanie prawid\u0142owych wybor\u00f3w \u2013 kszta\u0142towanie postaw ekologicznych ( kuchnia, pok\u00f3j, salon, \u0142azienka -segregowanie odpad\u00f3w, recykling, oszcz\u0119dno\u015b\u0107 wody i pr\u0105du)<\/p>\n<p>\u0095 Prawid\u0142owe zachowania podczas znalezienia zagubionego zwierz\u0119cia. Bezpieczne postawy podczas ataku psa. Piel\u0119gnacja i opieka nad zwierz\u0119ciem w domu \u2013 zabawa i obowi\u0105zki.<\/p>\n<p>\u0095 Obserwacje przyrodnicze<\/p>\n<p>\u0095 Rozgrywki w szachy i warcaby \u2013 rozwijanie logicznego my\u015blenia<\/p>\n<p>\u0095 Utrwalanie znak\u00f3w ( &lt; &gt; = ) &#8211; rozwi\u0105zywanie zada\u0144<\/p>\n<p>\u0095 Kody matematyczne \u2013 \u0107wiczenie pami\u0119ci<\/p>\n<p>\u0095 Eksperymentowanie, badanie, wyci\u0105ganie wniosk\u00f3w<\/p>\n<p>\u0095 Dodawanie i odejmowanie w zakresie 10, pr\u00f3by przekraczania progu 10 \u2013 uk\u0142adanie przez dzieci zada\u0144 tekstowych[\/vc_column_text][\/vc_column_inner][vc_column_inner width=&#8221;1\/3&#8243; text_align=&#8221;right&#8221; css=&#8221;.vc_custom_1429074444664{padding-right: 0px !important;}&#8221;][vc_column_text]<\/p>\n<p>[\/vc_column_text][\/vc_column_inner][\/vc_row_inner][\/vc_tta_section][vc_tta_section title=&#8221;Ciekawostki dla rodzic\u00f3w&#8221; tab_id=&#8221;1568388023980-66effa43-577d&#8221;][vc_row_inner row_color=&#8221;#ffffff&#8221; row_head_color=&#8221;#ffffff&#8221; row_link_color=&#8221;#ffffff&#8221;][vc_column_inner width=&#8221;2\/3&#8243; css=&#8221;.vc_custom_1429074013896{padding-left: 0px !important;}&#8221;][vc_column_text css=&#8221;&#8221;]Czy wiedz\u0105 Pa\u0144stwo, \u017ce zabawa <strong>robotem Bee-Bot<\/strong> to co\u015b wi\u0119cej ni\u017c tylko sterowanie zabawk\u0105? To pierwsze kroki w rozwijaniu u dzieci my\u015blenia komputacyjnego \u2013 czyli umiej\u0119tno\u015bci logicznego my\u015blenia, planowania i rozwi\u0105zywania problem\u00f3w. Podczas pracy z robotami do kodowania dzieci: ucz\u0105 si\u0119 przewidywa\u0107 skutki swoich dzia\u0142a\u0144 (\u201eCo si\u0119 stanie, je\u015bli nacisn\u0119 dwa razy strza\u0142k\u0119 do przodu?\u201d),<\/p>\n<p>planuj\u0105 tras\u0119 krok po kroku, \u0107wicz\u0105 orientacj\u0119 w przestrzeni, ucz\u0105 si\u0119 cierpliwo\u015bci i wyci\u0105gania wniosk\u00f3w z b\u0142\u0119d\u00f3w. Co wa\u017cne \u2013 wszystko odbywa si\u0119 poprzez ruch, zabaw\u0119 i wsp\u00f3\u0142prac\u0119 z r\u00f3wie\u015bnikami. Dzieci nie korzystaj\u0105 z ekranu, a mimo to poznaj\u0105 podstawy programowania! To doskona\u0142y przyk\u0142ad na to, \u017ce nauka logicznego my\u015blenia mo\u017ce by\u0107 radosn\u0105 przygod\u0105.<\/p>\n<p>&nbsp;<\/p>\n<p>[\/vc_column_text][\/vc_column_inner][vc_column_inner width=&#8221;1\/3&#8243; text_align=&#8221;right&#8221; css=&#8221;.vc_custom_1429074444664{padding-right: 0px !important;}&#8221;][vc_column_text]<\/p>\n<p>[\/vc_column_text][\/vc_column_inner][\/vc_row_inner][\/vc_tta_section][vc_tta_section title=&#8221;Kontakt&#8221; tab_id=&#8221;1568388032869-19e3c3ec-f798&#8243;][vc_row_inner row_color=&#8221;#ffffff&#8221; row_head_color=&#8221;#ffffff&#8221; row_link_color=&#8221;#ffffff&#8221;][vc_column_inner width=&#8221;2\/3&#8243; css=&#8221;.vc_custom_1429074013896{padding-left: 0px !important;}&#8221;][vc_column_text]<\/p>\n<p style=\"text-align: center\"><strong>Przedszkole nr 99<\/strong><br \/>\nul. Inowroc\u0142awska9<br \/>\ntel: 71\/798-68-27<br \/>\ntel. wew. dyrektor: 100<br \/>\ntel. wew. wicedyrektor: 101<br \/>\ntel. wew. intendent: 110<br \/>\n<strong>tel. wew. grupa V: 205<\/strong><br \/>\n<strong>oddzia\u0142 grupy V czynny: 7.00-17.00<\/strong><\/p>\n<p>[\/vc_column_text][\/vc_column_inner][vc_column_inner width=&#8221;1\/3&#8243; text_align=&#8221;right&#8221; css=&#8221;.vc_custom_1429074444664{padding-right: 0px !important;}&#8221;][vc_column_text]<\/p>\n<p>[\/vc_column_text][\/vc_column_inner][\/vc_row_inner][\/vc_tta_section][\/vc_tta_tabs][vc_empty_space height=&#8221;80px&#8221;][\/vc_column][\/vc_row]<\/p>\n<\/div>","protected":false},"excerpt":{"rendered":"<p>[vc_row css=&#8221;.vc_custom_1632475291631{background: #ffe123 url(https:\/\/przedszkola.edu.wroclaw.pl\/wp-content\/uploads\/sites\/30\/2021\/06\/tlo.png) !important;}&#8221;][vc_column][vc_tta_tabs active_section=&#8221;1&#8243;][vc_tta_section title=&#8221;O nas&#8221; tab_id=&#8221;1568387962850-77fd92a3-b3df&#8221;][vc_hoverbox]Click edit button to change this text. Lorem ipsum dolor sit amet, consectetur adipiscing elit. Ut elit tellus, luctus nec ullamcorper mattis, [&hellip;]<\/p>\n","protected":false},"author":7,"featured_media":0,"parent":0,"menu_order":0,"comment_status":"closed","ping_status":"closed","template":"","meta":{"ngg_post_thumbnail":0,"footnotes":""},"class_list":["post-3755","page","type-page","status-publish","hentry","clearfix"],"_links":{"self":[{"href":"https:\/\/przedszkole99.edu.wroclaw.pl\/index.php\/wp-json\/wp\/v2\/pages\/3755","targetHints":{"allow":["GET"]}}],"collection":[{"href":"https:\/\/przedszkole99.edu.wroclaw.pl\/index.php\/wp-json\/wp\/v2\/pages"}],"about":[{"href":"https:\/\/przedszkole99.edu.wroclaw.pl\/index.php\/wp-json\/wp\/v2\/types\/page"}],"author":[{"embeddable":true,"href":"https:\/\/przedszkole99.edu.wroclaw.pl\/index.php\/wp-json\/wp\/v2\/users\/7"}],"replies":[{"embeddable":true,"href":"https:\/\/przedszkole99.edu.wroclaw.pl\/index.php\/wp-json\/wp\/v2\/comments?post=3755"}],"version-history":[{"count":441,"href":"https:\/\/przedszkole99.edu.wroclaw.pl\/index.php\/wp-json\/wp\/v2\/pages\/3755\/revisions"}],"predecessor-version":[{"id":8612,"href":"https:\/\/przedszkole99.edu.wroclaw.pl\/index.php\/wp-json\/wp\/v2\/pages\/3755\/revisions\/8612"}],"wp:attachment":[{"href":"https:\/\/przedszkole99.edu.wroclaw.pl\/index.php\/wp-json\/wp\/v2\/media?parent=3755"}],"curies":[{"name":"wp","href":"https:\/\/api.w.org\/{rel}","templated":true}]}}