
{"id":3753,"date":"2016-02-02T08:58:01","date_gmt":"2016-02-02T07:58:01","guid":{"rendered":"https:\/\/przedszkole99.edu.wroclaw.pl\/?page_id=3753"},"modified":"2026-03-31T14:08:23","modified_gmt":"2026-03-31T12:08:23","slug":"grupa-4","status":"publish","type":"page","link":"https:\/\/przedszkole99.edu.wroclaw.pl\/index.php\/grupa-4\/","title":{"rendered":"Grupa IV"},"content":{"rendered":"<div class=\"wpb-content-wrapper\"><p>[vc_row css=&#8221;.vc_custom_1632475223729{background: #aa002d url(https:\/\/przedszkola.edu.wroclaw.pl\/wp-content\/uploads\/sites\/30\/2021\/06\/tlo.png) !important;}&#8221;][vc_column][vc_tta_tabs active_section=&#8221;1&#8243;][vc_tta_section title=&#8221;O nas&#8221; tab_id=&#8221;1568387306601-aab2ca62-342c&#8221;][vc_row_inner row_color=&#8221;#ffffff&#8221; row_head_color=&#8221;#ffffff&#8221; row_link_color=&#8221;#ffffff&#8221;][vc_column_inner width=&#8221;2\/3&#8243; css=&#8221;.vc_custom_1429074013896{padding-left: 0px !important;}&#8221;][vc_column_text css=&#8221;&#8221;]<\/p>\n<h3>Witamy w naszym przedszkolu<\/h3>\n<p><strong>Nauczyciele &#8211; wychowawcy grupy IV:<\/strong><\/p>\n<p>Agata Daniuk<\/p>\n<p>Katarzyna Szyma\u0144ska<\/p>\n<div dir=\"auto\"><\/div>\n<p>&nbsp;<\/p>\n<p>&nbsp;<\/p>\n<p style=\"text-align: center\"><em><strong>\u00a0<\/strong><\/em><\/p>\n<p>[\/vc_column_text][\/vc_column_inner][vc_column_inner width=&#8221;1\/3&#8243; text_align=&#8221;right&#8221; css=&#8221;.vc_custom_1429074444664{padding-right: 0px !important;}&#8221;][vc_empty_space height=&#8221;10px&#8221;][vc_column_text]<\/p>\n<p>[\/vc_column_text][\/vc_column_inner][\/vc_row_inner][\/vc_tta_section][vc_tta_section title=&#8221;Aktualno\u015bci&#8221; tab_id=&#8221;1568387306665-c0c468ce-6565&#8243;][vc_row_inner row_color=&#8221;#ffffff&#8221; row_head_color=&#8221;#ffffff&#8221; row_link_color=&#8221;#ffffff&#8221;][vc_column_inner width=&#8221;2\/3&#8243; css=&#8221;.vc_custom_1429074013896{padding-left: 0px !important;}&#8221;][vc_column_text css=&#8221;&#8221;]<\/p>\n<div>\n<p><strong>Aktualno\u015bci:<\/strong><\/p>\n<p>14.04 Biblioteka<\/p>\n<p>17.04 Kreatywne warsztaty<\/p>\n<p>Dnia 22 kwietnia 2026 r. b\u0119dziemy obchodzi\u0107 w naszym przedszkolu \u015awiatowy Dzie\u0144 Ziemi. Z tej okazji prosimy, aby tego dnia ubra\u0107 dzieci w kolor zielony<\/p>\n<p>&nbsp;<\/p>\n<\/div>\n<p>&nbsp;<\/p>\n<div>\n<p>&nbsp;<\/p>\n<\/div>\n<p><span data-olk-copy-source=\"MessageBody\">\u00a0<\/span><\/p>\n<p>Drodzy Pa\u0144stwo,<br \/>\nprosimy o <strong>bie\u017c\u0105ce \u015bledzenie tablic og\u0142osze\u0144,<\/strong> na kt\u00f3rych umieszczane s\u0105 wszystkie aktualno\u015bci i wa\u017cne komunikaty.<\/p>\n<p>Dzi\u0119ki temu b\u0119d\u0105 Pa\u0144stwo zawsze na bie\u017c\u0105co z informacjami.<\/p>\n<p>Dzi\u0119kujemy za wsp\u00f3\u0142prac\u0119!<\/p>\n<p>&nbsp;<\/p>\n<p>&nbsp;<\/p>\n<p>&nbsp;<\/p>\n<div>\n<div dir=\"auto\" data-olk-copy-source=\"MessageBody\">Zapraszamy wszystkich rodzic\u00f3w do odwiedzenia i zaobserwowania naszego nowego profilu na Facebooku. B\u0119dziemy tam dzieli\u0107 si\u0119 z Pa\u0144stwem ciekawostkami z \u017cycia Przedszkola i naszych Przedszkolak\u00f3w.<\/div>\n<div dir=\"auto\"><\/div>\n<div dir=\"auto\">Link do profilu:<\/div>\n<div dir=\"auto\"><\/div>\n<\/div>\n<div dir=\"auto\">https:\/\/www.facebook.com\/share\/1JZmYh4hq4\/?mibextid=wwXIfr<\/div>\n<div>\n<p><a href=\"https:\/\/przedszkole99.edu.wroclaw.pl\/wp-content\/uploads\/sites\/14\/2025\/03\/Screenshot_20250328_133337_Facebook.jpg\"><img loading=\"lazy\" decoding=\"async\" class=\"alignnone size-medium wp-image-8146\" src=\"https:\/\/przedszkole99.edu.wroclaw.pl\/wp-content\/uploads\/sites\/14\/2025\/03\/Screenshot_20250328_133337_Facebook-300x241.jpg\" alt=\"\" width=\"300\" height=\"241\" srcset=\"https:\/\/przedszkole99.edu.wroclaw.pl\/wp-content\/uploads\/sites\/14\/2025\/03\/Screenshot_20250328_133337_Facebook-300x241.jpg 300w, https:\/\/przedszkole99.edu.wroclaw.pl\/wp-content\/uploads\/sites\/14\/2025\/03\/Screenshot_20250328_133337_Facebook-1024x821.jpg 1024w, https:\/\/przedszkole99.edu.wroclaw.pl\/wp-content\/uploads\/sites\/14\/2025\/03\/Screenshot_20250328_133337_Facebook-768x616.jpg 768w, https:\/\/przedszkole99.edu.wroclaw.pl\/wp-content\/uploads\/sites\/14\/2025\/03\/Screenshot_20250328_133337_Facebook.jpg 1079w\" sizes=\"auto, (max-width: 300px) 100vw, 300px\" \/><\/a><\/p>\n<p>&nbsp;<\/p>\n<\/div>\n<p>[\/vc_column_text][vc_btn title=&#8221;More Info&#8221; button_type=&#8221;btn btn-default btn-white&#8221; link=&#8221;url:%23||&#8221;][\/vc_column_inner][vc_column_inner width=&#8221;1\/3&#8243; text_align=&#8221;right&#8221; css=&#8221;.vc_custom_1429074444664{padding-right: 0px !important;}&#8221;][vc_column_text]<\/p>\n<p>[\/vc_column_text][\/vc_column_inner][\/vc_row_inner][\/vc_tta_section][vc_tta_section title=&#8221;Tematyka miesi\u0119czna&#8221; tab_id=&#8221;1568387362935-591e1c1f-e1d8&#8243;][vc_row_inner row_color=&#8221;#ffffff&#8221; row_head_color=&#8221;#ffffff&#8221; row_link_color=&#8221;#ffffff&#8221;][vc_column_inner width=&#8221;2\/3&#8243; css=&#8221;.vc_custom_1429074013896{padding-left: 0px !important;}&#8221;][vc_column_text css=&#8221;&#8221;]<strong>Tematyka na kwiecie\u0144:<\/strong><\/p>\n<p>&nbsp;<\/p>\n<div dir=\"auto\">\n<p>30.03-3.04 \u201eWielkanoc\u201d<\/p>\n<p>7.04-10.04 Teatr<\/p>\n<p>13.04-17.04 Ekologia<\/p>\n<p>20.04-24.04 Kampania tygodniowa Mali Wielcy Odkrywcy Bior\u00f3\u017cnorodno\u015b\u0107<\/p>\n<p>27.04-30.04 Moja ojczyzna<\/p>\n<p>&nbsp;<\/p>\n<p>Cele szczeg\u00f3\u0142owe:<\/p>\n<p>\u2022 Zna i nazywa symbole wielkanocne: jajko (pisanki), baranek, zaj\u0105czek, kurczaczek, koszyczek, palma.<\/p>\n<p>\u2022 Wymienia podstawowe zwyczaje: \u015bwi\u0119cenie pokarm\u00f3w, \u015bmigus-dyngus, uroczyste \u015bniadanie.<\/p>\n<p>\u2022 Poznanie liter J,j,W,w,Z,z,G,g<\/p>\n<p>\u2022 Rozumie znaczenie tradycji w kulturze polskiej<\/p>\n<p>\u2022 poznanie wybranych form teatralnych: teatr \u017cywego aktora, teatr lalek, teatr cieni, paluszkowy- pacynki i kukie\u0142ki, pantomima;<\/p>\n<p>\u2022 kszta\u0142towanie nawyk\u00f3w w\u0142a\u015bciwego zachowania si\u0119 w teatrze;<\/p>\n<p>\u2022 kszta\u0142cenie s\u0142uchu oraz poczucia rytmu;<\/p>\n<p>\u2022 estetyczne i tw\u00f3rcze wykonanie pracy plastycznej;<\/p>\n<p>\u2022 rozwijanie wyobra\u017ani dzieci\u0119cej oraz inspirowanie do wyra\u017cania tre\u015bci w formie ekspresji ruchowej;<\/p>\n<p>\u2022 zapoznanie z warsztatem pracy aktora oraz innych os\u00f3b pracuj\u0105cych w teatrze.<\/p>\n<p>\u2022 nauk\u0119 wsp\u00f3\u0142pracy<\/p>\n<p>\u2022 budowaniu \u015bwiadomo\u015bci przyrodniczej,<\/p>\n<p>\u2022 kszta\u0142towaniu opieku\u0144czej postawy wobec \u015brodowiska<\/p>\n<p>\u2022 nabywaniu proekologicznych nawyk\u00f3w<\/p>\n<p>\u2022 poznanie cyklu \u017cycia rozmaitych owad\u00f3w oraz dowiedz\u0105 si\u0119, dlaczego s\u0105 takie wa\u017cne dla ekosystemu. Tworz\u0105c poide\u0142ko, \u0142\u0105k\u0119 kwietn\u0105 czy dom dla owad\u00f3w, poznaj\u0105 sposoby, jak o nie dba\u0107.<\/p>\n<p>\u2022 kszta\u0142towaniu to\u017csamo\u015bci narodowej i postaw patriotycznych poprzez poznawanie symboli narodowych (flaga, god\u0142o, hymn), tradycji oraz geografii Polski<\/p>\n<p>&nbsp;<\/p>\n<p>&nbsp;<\/p>\n<\/div>\n<p>[\/vc_column_text][vc_btn title=&#8221;&#8221; align=&#8221;center&#8221; button_type=&#8221;btn btn-default btn-white&#8221; link=&#8221;url:%23||&#8221;][\/vc_column_inner][vc_column_inner width=&#8221;1\/3&#8243; text_align=&#8221;right&#8221; css=&#8221;.vc_custom_1429074444664{padding-right: 0px !important;}&#8221;][vc_column_text]<\/p>\n<p>[\/vc_column_text][\/vc_column_inner][\/vc_row_inner][\/vc_tta_section][vc_tta_section title=&#8221;Ciekawostki dla rodzic\u00f3w&#8221; tab_id=&#8221;1568387390092-e5f9c760-23de&#8221;][vc_row_inner row_color=&#8221;#ffffff&#8221; row_head_color=&#8221;#ffffff&#8221; row_link_color=&#8221;#ffffff&#8221;][vc_column_inner width=&#8221;2\/3&#8243; css=&#8221;.vc_custom_1429074013896{padding-left: 0px !important;}&#8221;][vc_column_text css=&#8221;&#8221;]<\/p>\n<p>Czy wiedz\u0105 Pa\u0144stwo, \u017ce zabawa <strong>robotem Bee-Bot<\/strong> to co\u015b wi\u0119cej ni\u017c tylko sterowanie zabawk\u0105? To pierwsze kroki w rozwijaniu u dzieci my\u015blenia komputacyjnego \u2013 czyli umiej\u0119tno\u015bci logicznego my\u015blenia, planowania i rozwi\u0105zywania problem\u00f3w. Podczas pracy z robotami do kodowania dzieci: ucz\u0105 si\u0119 przewidywa\u0107 skutki swoich dzia\u0142a\u0144 (\u201eCo si\u0119 stanie, je\u015bli nacisn\u0119 dwa razy strza\u0142k\u0119 do przodu?\u201d),<\/p>\n<p>planuj\u0105 tras\u0119 krok po kroku, \u0107wicz\u0105 orientacj\u0119 w przestrzeni, ucz\u0105 si\u0119 cierpliwo\u015bci i wyci\u0105gania wniosk\u00f3w z b\u0142\u0119d\u00f3w. Co wa\u017cne \u2013 wszystko odbywa si\u0119 poprzez ruch, zabaw\u0119 i wsp\u00f3\u0142prac\u0119 z r\u00f3wie\u015bnikami. Dzieci nie korzystaj\u0105 z ekranu, a mimo to poznaj\u0105 podstawy programowania! To doskona\u0142y przyk\u0142ad na to, \u017ce nauka logicznego my\u015blenia mo\u017ce by\u0107 radosn\u0105 przygod\u0105.<\/p>\n<p><a href=\"https:\/\/przedszkole99.edu.wroclaw.pl\/wp-content\/uploads\/sites\/14\/2025\/09\/Przechwytywanie-1.png\"><img loading=\"lazy\" decoding=\"async\" class=\"alignnone size-medium wp-image-8307\" src=\"https:\/\/przedszkole99.edu.wroclaw.pl\/wp-content\/uploads\/sites\/14\/2025\/09\/Przechwytywanie-1-300x234.png\" alt=\"\" width=\"300\" height=\"234\" srcset=\"https:\/\/przedszkole99.edu.wroclaw.pl\/wp-content\/uploads\/sites\/14\/2025\/09\/Przechwytywanie-1-300x234.png 300w, https:\/\/przedszkole99.edu.wroclaw.pl\/wp-content\/uploads\/sites\/14\/2025\/09\/Przechwytywanie-1.png 651w\" sizes=\"auto, (max-width: 300px) 100vw, 300px\" \/><\/a><\/p>\n<p>CZYTANIE DZIECIOM KSI\u0104\u017bEK MA MOC!<\/p>\n<p>Czytanie to nie tylko zbi\u00f3r literek, kt\u00f3re po po\u0142\u0105czeniu tworz\u0105 ciekaw\u0105 opowie\u015b\u0107. To ca\u0142y system, kt\u00f3ry uruchamia \u201dmaszyn\u0119\u201d buduj\u0105c\u0105 wi\u0119\u017a mi\u0119dzy rodzicem i dzieckiem, rozwijaj\u0105c\u0105 wyobra\u017ani\u0119 i kszta\u0142tuj\u0105c\u0105 osobowo\u015b\u0107 m\u0142odego cz\u0142owieka . Dzi\u0119ki<\/p>\n<p>codziennemu czytaniu rozwijamy zainteresowania i wiedz\u0119 dzieci o otaczaj\u0105cym ich \u015bwiecie oraz uczymy zachowa\u0144 prospo\u0142ecznych. Dzi\u0119ki przer\u00f3\u017cnym historiom, kt\u00f3re odnajdziemy w tekstach literackich dzieci ucz\u0105 si\u0119 wra\u017cliwo\u015bci, wsp\u00f3\u0142odczuwania oraz tego, jak odr\u00f3\u017cni\u0107 dobro od z\u0142a. Czytanie jest idealn\u0105 rozrywk\u0105 nie wymaga bowiem, \u017cadnych dodatkowych gad\u017cet\u00f3w- \u201drozpraszaczy\u201d. Po prostu- we\u017a ksi\u0105\u017ck\u0119 i czytaj<\/p>\n<p><a href=\"https:\/\/przedszkole99.edu.wroclaw.pl\/wp-content\/uploads\/sites\/14\/2025\/09\/2.jpg\"><img loading=\"lazy\" decoding=\"async\" class=\"alignnone size-medium wp-image-8309\" src=\"https:\/\/przedszkole99.edu.wroclaw.pl\/wp-content\/uploads\/sites\/14\/2025\/09\/2-230x300.jpg\" alt=\"\" width=\"230\" height=\"300\" srcset=\"https:\/\/przedszkole99.edu.wroclaw.pl\/wp-content\/uploads\/sites\/14\/2025\/09\/2-230x300.jpg 230w, https:\/\/przedszkole99.edu.wroclaw.pl\/wp-content\/uploads\/sites\/14\/2025\/09\/2.jpg 768w\" sizes=\"auto, (max-width: 230px) 100vw, 230px\" \/><\/a><\/p>\n<p><a href=\"https:\/\/przedszkole99.edu.wroclaw.pl\/wp-content\/uploads\/sites\/14\/2025\/09\/3.jpg\"><img loading=\"lazy\" decoding=\"async\" class=\"alignnone size-medium wp-image-8310\" src=\"https:\/\/przedszkole99.edu.wroclaw.pl\/wp-content\/uploads\/sites\/14\/2025\/09\/3-300x300.jpg\" alt=\"\" width=\"300\" height=\"300\" srcset=\"https:\/\/przedszkole99.edu.wroclaw.pl\/wp-content\/uploads\/sites\/14\/2025\/09\/3-300x300.jpg 300w, https:\/\/przedszkole99.edu.wroclaw.pl\/wp-content\/uploads\/sites\/14\/2025\/09\/3-150x150.jpg 150w, https:\/\/przedszkole99.edu.wroclaw.pl\/wp-content\/uploads\/sites\/14\/2025\/09\/3.jpg 526w\" sizes=\"auto, (max-width: 300px) 100vw, 300px\" \/><\/a><\/p>\n<p>&nbsp;<\/p>\n<p><a href=\"https:\/\/przedszkole99.edu.wroclaw.pl\/wp-content\/uploads\/sites\/14\/2025\/09\/4.jpg\"><img loading=\"lazy\" decoding=\"async\" class=\"alignnone size-medium wp-image-8311\" src=\"https:\/\/przedszkole99.edu.wroclaw.pl\/wp-content\/uploads\/sites\/14\/2025\/09\/4-212x300.jpg\" alt=\"\" width=\"212\" height=\"300\" srcset=\"https:\/\/przedszkole99.edu.wroclaw.pl\/wp-content\/uploads\/sites\/14\/2025\/09\/4-212x300.jpg 212w, https:\/\/przedszkole99.edu.wroclaw.pl\/wp-content\/uploads\/sites\/14\/2025\/09\/4.jpg 724w\" sizes=\"auto, (max-width: 212px) 100vw, 212px\" \/><\/a>[\/vc_column_text][vc_btn title=&#8221;More Info&#8221; button_type=&#8221;btn btn-default btn-white&#8221; link=&#8221;url:%23||&#8221;][\/vc_column_inner][vc_column_inner width=&#8221;1\/3&#8243; text_align=&#8221;right&#8221; css=&#8221;.vc_custom_1429074444664{padding-right: 0px !important;}&#8221;][vc_column_text]<\/p>\n<p>[\/vc_column_text][\/vc_column_inner][\/vc_row_inner][\/vc_tta_section][vc_tta_section title=&#8221;Kontakt&#8221; tab_id=&#8221;1568387417310-6e3c7413-414d&#8221;][vc_row_inner row_color=&#8221;#ffffff&#8221; row_head_color=&#8221;#ffffff&#8221; row_link_color=&#8221;#ffffff&#8221;][vc_column_inner width=&#8221;2\/3&#8243; css=&#8221;.vc_custom_1429074013896{padding-left: 0px !important;}&#8221;][vc_column_text]<\/p>\n<p style=\"text-align: center\"><strong>Przedszkole nr 99<\/strong><br \/>\nul. Inowroc\u0142awska9<br \/>\ntel: 71\/798-68-27<br \/>\ntel. wew. dyrektor: 100<br \/>\ntel. wew. wicedyrektor: 101<br \/>\ntel. wew. intendent: 110<br \/>\n<strong>tel. wew. grupa IV: 204<\/strong><br \/>\n<strong>oddzia\u0142 grupy IV czynny: 7.30-17.00<\/strong><\/p>\n<p>[\/vc_column_text][vc_btn title=&#8221;More Info&#8221; button_type=&#8221;btn btn-default btn-white&#8221; link=&#8221;url:%23||&#8221;][\/vc_column_inner][vc_column_inner width=&#8221;1\/3&#8243; text_align=&#8221;right&#8221; css=&#8221;.vc_custom_1429074444664{padding-right: 0px !important;}&#8221;][vc_column_text]<\/p>\n<p>[\/vc_column_text][\/vc_column_inner][\/vc_row_inner][\/vc_tta_section][\/vc_tta_tabs][vc_empty_space height=&#8221;80px&#8221;][\/vc_column][\/vc_row]<\/p>\n<\/div>","protected":false},"excerpt":{"rendered":"<p>[vc_row css=&#8221;.vc_custom_1632475223729{background: #aa002d url(https:\/\/przedszkola.edu.wroclaw.pl\/wp-content\/uploads\/sites\/30\/2021\/06\/tlo.png) !important;}&#8221;][vc_column][vc_tta_tabs active_section=&#8221;1&#8243;][vc_tta_section title=&#8221;O nas&#8221; tab_id=&#8221;1568387306601-aab2ca62-342c&#8221;][vc_row_inner row_color=&#8221;#ffffff&#8221; row_head_color=&#8221;#ffffff&#8221; row_link_color=&#8221;#ffffff&#8221;][vc_column_inner width=&#8221;2\/3&#8243; css=&#8221;.vc_custom_1429074013896{padding-left: 0px !important;}&#8221;][vc_column_text css=&#8221;&#8221;] Witamy w naszym przedszkolu Nauczyciele &#8211; wychowawcy grupy IV: Agata Daniuk Katarzyna Szyma\u0144ska [&hellip;]<\/p>\n","protected":false},"author":7,"featured_media":0,"parent":0,"menu_order":0,"comment_status":"closed","ping_status":"closed","template":"","meta":{"ngg_post_thumbnail":0,"footnotes":""},"class_list":["post-3753","page","type-page","status-publish","hentry","clearfix"],"_links":{"self":[{"href":"https:\/\/przedszkole99.edu.wroclaw.pl\/index.php\/wp-json\/wp\/v2\/pages\/3753","targetHints":{"allow":["GET"]}}],"collection":[{"href":"https:\/\/przedszkole99.edu.wroclaw.pl\/index.php\/wp-json\/wp\/v2\/pages"}],"about":[{"href":"https:\/\/przedszkole99.edu.wroclaw.pl\/index.php\/wp-json\/wp\/v2\/types\/page"}],"author":[{"embeddable":true,"href":"https:\/\/przedszkole99.edu.wroclaw.pl\/index.php\/wp-json\/wp\/v2\/users\/7"}],"replies":[{"embeddable":true,"href":"https:\/\/przedszkole99.edu.wroclaw.pl\/index.php\/wp-json\/wp\/v2\/comments?post=3753"}],"version-history":[{"count":458,"href":"https:\/\/przedszkole99.edu.wroclaw.pl\/index.php\/wp-json\/wp\/v2\/pages\/3753\/revisions"}],"predecessor-version":[{"id":8610,"href":"https:\/\/przedszkole99.edu.wroclaw.pl\/index.php\/wp-json\/wp\/v2\/pages\/3753\/revisions\/8610"}],"wp:attachment":[{"href":"https:\/\/przedszkole99.edu.wroclaw.pl\/index.php\/wp-json\/wp\/v2\/media?parent=3753"}],"curies":[{"name":"wp","href":"https:\/\/api.w.org\/{rel}","templated":true}]}}