
{"id":3749,"date":"2016-02-02T08:57:18","date_gmt":"2016-02-02T07:57:18","guid":{"rendered":"https:\/\/przedszkole99.edu.wroclaw.pl\/?page_id=3749"},"modified":"2026-03-31T14:28:24","modified_gmt":"2026-03-31T12:28:24","slug":"grupa-2","status":"publish","type":"page","link":"https:\/\/przedszkole99.edu.wroclaw.pl\/index.php\/grupa-2\/","title":{"rendered":"Grupa II"},"content":{"rendered":"<div class=\"wpb-content-wrapper\"><p>[vc_row css=&#8221;.vc_custom_1632475046930{background: #74d341 url(https:\/\/przedszkola.edu.wroclaw.pl\/wp-content\/uploads\/sites\/30\/2021\/06\/tlo.png) !important;}&#8221;][vc_column][vc_tta_tabs active_section=&#8221;1&#8243;][vc_tta_section title=&#8221;O nas&#8221; tab_id=&#8221;1568306432610-56c9604e-e7b8&#8243;][vc_row_inner row_color=&#8221;#ffffff&#8221; row_head_color=&#8221;#ffffff&#8221; row_link_color=&#8221;#ffffff&#8221;][vc_column_inner width=&#8221;2\/3&#8243; css=&#8221;.vc_custom_1429074013896{padding-left: 0px !important;}&#8221;][vc_column_text css=&#8221;&#8221;]<\/p>\n<h4><strong>Witamy w naszym przedszkolu!<\/strong><\/h4>\n<h4>Nauczyciele- wychowawca grupy II:<\/h4>\n<p>Urszula Grechowicz<\/p>\n<p>Joanna Mikulska[\/vc_column_text][\/vc_column_inner][vc_column_inner width=&#8221;1\/3&#8243; text_align=&#8221;right&#8221; css=&#8221;.vc_custom_1429074444664{padding-right: 0px !important;}&#8221;][vc_empty_space height=&#8221;10px&#8221;][vc_column_text]<\/p>\n<p>[\/vc_column_text][\/vc_column_inner][\/vc_row_inner][vc_empty_space height=&#8221;80px&#8221;][\/vc_tta_section][vc_tta_section title=&#8221;Aktualno\u015bci&#8221; tab_id=&#8221;1568306432660-047f1c87-650b&#8221;][vc_column_text css=&#8221;&#8221;]<\/p>\n<div>\n<div dir=\"auto\" data-olk-copy-source=\"MessageBody\"><\/div>\n<div dir=\"auto\" data-olk-copy-source=\"MessageBody\"><strong>AKTUALNO\u015aCI:<\/strong><\/div>\n<div dir=\"auto\" data-olk-copy-source=\"MessageBody\"><\/div>\n<div dir=\"auto\" data-olk-copy-source=\"MessageBody\">\n<p>Szanowni Rodzice,<\/p>\n<p>serdecznie zach\u0119camy do aktywnego udzia\u0142u w \u017cyciu naszej grupy przedszkolnej. Ch\u0119tnie poznamy Pa\u0144stwa hobby, pasje i zainteresowania \u2013 b\u0119dzie nam bardzo mi\u0142o, je\u015bli zechc\u0105 si\u0119 nimi Pa\u0144stwo podzieli\u0107 z dzie\u0107mi podczas kr\u00f3tkiego spotkania w grupie.<\/p>\n<p>Zapraszamy r\u00f3wnie\u017c do odwiedzin i wsp\u00f3lnego czytania ksi\u0105\u017cek dzieciom. To dla nich wyj\u0105tkowa okazja do rozwijania wyobra\u017ani oraz budowania pozytywnych relacji. Czekamy na Was z otwartymi ramionami!<\/p>\n<p>&nbsp;<\/p>\n<p>Dnia 22 kwietnia 2026 r. b\u0119dziemy obchodzi\u0107 w naszym przedszkolu \u015awiatowy Dzie\u0144 Ziemi. Z tej okazji prosimy, aby tego dnia ubra\u0107 dzieci w kolor zielony<\/p>\n<p>&nbsp;<\/p>\n<p>Kszta\u0142towanie postaw patriotycznych oraz poczucia przynale\u017cno\u015bci narodowej.<\/p>\n<p>Zapoznanie dzieci z najwa\u017cniejszymi \u015bwi\u0119tami obchodzonymi w maju<\/p>\n<p>Rozwijanie szacunku do symboli narodowych oraz tradycji i historii Polsk<\/p>\n<\/div>\n<div dir=\"auto\" data-olk-copy-source=\"MessageBody\"><\/div>\n<div dir=\"auto\" data-olk-copy-source=\"MessageBody\">\n<p>&nbsp;<\/p>\n<\/div>\n<div dir=\"auto\" data-olk-copy-source=\"MessageBody\">\n<p>&nbsp;<\/p>\n<\/div>\n<div dir=\"auto\" data-olk-copy-source=\"MessageBody\">\n<p>Drodzy Pa\u0144stwo,<br \/>\nprosimy o <strong>bie\u017c\u0105ce \u015bledzenie tablic og\u0142osze\u0144,<\/strong> na kt\u00f3rych umieszczane s\u0105 wszystkie aktualno\u015bci i wa\u017cne komunikaty.<\/p>\n<p>Dzi\u0119ki temu b\u0119d\u0105 Pa\u0144stwo zawsze na bie\u017c\u0105co z informacjami.<\/p>\n<p>Dzi\u0119kujemy za wsp\u00f3\u0142prac\u0119!<\/p>\n<\/div>\n<div dir=\"auto\" data-olk-copy-source=\"MessageBody\">\n<p>&nbsp;<\/p>\n<div dir=\"auto\" data-olk-copy-source=\"MessageBody\">Zapraszamy wszystkich rodzic\u00f3w do odwiedzenia i zaobserwowania naszego nowego profilu na Facebooku. B\u0119dziemy tam dzieli\u0107 si\u0119 z Pa\u0144stwem ciekawostkami z \u017cycia Przedszkola i naszych Przedszkolak\u00f3w.<\/div>\n<div dir=\"auto\"><\/div>\n<div dir=\"auto\">Link do profilu:<\/div>\n<div dir=\"auto\">https:\/\/www.facebook.com\/share\/1JZmYh4hq4\/?mibextid=wwXIfr<\/div>\n<div dir=\"auto\"><\/div>\n<p><a href=\"https:\/\/przedszkole99.edu.wroclaw.pl\/wp-content\/uploads\/sites\/14\/2025\/03\/Screenshot_20250328_133337_Facebook.jpg\"><img loading=\"lazy\" decoding=\"async\" class=\"alignnone size-medium wp-image-8146\" src=\"https:\/\/przedszkole99.edu.wroclaw.pl\/wp-content\/uploads\/sites\/14\/2025\/03\/Screenshot_20250328_133337_Facebook-300x241.jpg\" alt=\"\" width=\"300\" height=\"241\" srcset=\"https:\/\/przedszkole99.edu.wroclaw.pl\/wp-content\/uploads\/sites\/14\/2025\/03\/Screenshot_20250328_133337_Facebook-300x241.jpg 300w, https:\/\/przedszkole99.edu.wroclaw.pl\/wp-content\/uploads\/sites\/14\/2025\/03\/Screenshot_20250328_133337_Facebook-1024x821.jpg 1024w, https:\/\/przedszkole99.edu.wroclaw.pl\/wp-content\/uploads\/sites\/14\/2025\/03\/Screenshot_20250328_133337_Facebook-768x616.jpg 768w, https:\/\/przedszkole99.edu.wroclaw.pl\/wp-content\/uploads\/sites\/14\/2025\/03\/Screenshot_20250328_133337_Facebook.jpg 1079w\" sizes=\"auto, (max-width: 300px) 100vw, 300px\" \/><\/a><\/p>\n<\/div>\n<\/div>\n<div>\n<div dir=\"auto\" data-olk-copy-source=\"MessageBody\"><\/div>\n<div dir=\"auto\"><\/div>\n<div dir=\"auto\"><\/div>\n<div dir=\"auto\"><\/div>\n<\/div>\n<p>[\/vc_column_text][vc_row_inner row_color=&#8221;#ffffff&#8221; row_head_color=&#8221;#ffffff&#8221; row_link_color=&#8221;#ffffff&#8221;][vc_column_inner width=&#8221;2\/3&#8243; css=&#8221;.vc_custom_1429074013896{padding-left: 0px !important;}&#8221;][\/vc_column_inner][vc_column_inner width=&#8221;1\/3&#8243; text_align=&#8221;right&#8221; css=&#8221;.vc_custom_1429074444664{padding-right: 0px !important;}&#8221;][vc_column_text]<\/p>\n<p>[\/vc_column_text][\/vc_column_inner][\/vc_row_inner][\/vc_tta_section][vc_tta_section title=&#8221;Tematyka miesi\u0119czna&#8221; tab_id=&#8221;1568306754277-9151b9f2-ea03&#8243;][vc_wp_text]<strong>Tematyka na kwiecie\u0144:<\/strong><\/p>\n<div dir=\"auto\">\n<p>1. 30.03-3.04.26- Od kurnika do \u015bwi\u0105tecznego koszyka.<\/p>\n<p>2. 7.04-10.04.26 \u2013 Na wiosennej \u0142\u0105ce.<\/p>\n<p>3. 13.04-17.04.26- W \u015bwiecie ksi\u0105\u017cki- Jak powstaje ksi\u0105\u017cka?<\/p>\n<p>4. 20.04-24.04.26 &#8211; Kampania Wielcy Mali Odkrywcy- Bior\u00f3\u017cnorodno\u015b\u0107<\/p>\n<p>5. 27.04-30.04.26- Majowe \u015bwi\u0119ta- Jestem Polk\u0105, jestem Polakiem.<\/p>\n<p>&nbsp;<\/p>\n<p>CELE OG\u00d3LNE :<\/p>\n<p>&#8211; poznanie wygl\u0105du i nazw wiosennych kwiat\u00f3w, poszerzenie wiedzy na temat pomagania owadom, zapoznanie z wygl\u0105dem i nazwami mieszka\u0144c\u00f3w \u0142\u0105ki,<\/p>\n<p>&#8211; uwra\u017cliwianie na pi\u0119kno otaczaj\u0105cej przyrody, rozbudzanie wyobra\u017ani<\/p>\n<p>&#8211; poznanie etap\u00f3w prac wykonywanych wiosn\u0105 w ogrodzie, poznanie nazw i zastosowania sprz\u0119t\u00f3w ogrodniczych, poznanie nazw wiosennych kwiat\u00f3w, utrwalanie wiedzy dotycz\u0105cej wzrostu ro\u015blin (z nasion lub cebulek)<\/p>\n<p>&#8211; utrwalenie wiadomo\u015bci o warunkach niezb\u0119dnych do \u017cycia i wzrostu ro\u015blin, rozwijanie postawy odpowiedzialno\u015bci za hodowan\u0105 ro\u015blin\u0119<\/p>\n<p>&#8211; doskonalenie umiej\u0119tno\u015bci przeliczania &#8211; rozwijanie my\u015blenia komputacyjnego podczas zabaw z kodowaniem<\/p>\n<p>&#8211; Pobudzanie i stymulowanie zmys\u0142\u00f3w podczas zabaw sensorycznych, rozwijanie koordynacji ruchowo- wzrokowo- s\u0142uchowej<\/p>\n<p>&#8211; kszta\u0142towanie postawy proekologicznej<\/p>\n<p>&#8211; rozwijanie my\u015blenia matematycznego- orientacja w schemacie cia\u0142a i w przestrzeni<\/p>\n<p>&#8211; doskonalenie sprawno\u015bci manualnej i grafomotorycznej<\/p>\n<p>&#8211; poznanie wybranych tradycji zwi\u0105zanych z Wielkanoc\u0105 \u2013<\/p>\n<p>&#8211; rozwijanie wiedzy na temat dzia\u0142ania gospodarstwa wiejskiego, pracy gospodarza \/ rolnika, utrwalenie znajomo\u015bci nazw zwierz\u0105t hodowlanych i budynk\u00f3w b\u0119d\u0105cych cz\u0119\u015bci\u0105 gospodarstwa<\/p>\n<p>&#8211; Kszta\u0142towanie postaw patriotycznych oraz poczucia przynale\u017cno\u015bci narodowej.<\/p>\n<p>&#8211; Zapoznanie dzieci z najwa\u017cniejszymi \u015bwi\u0119tami obchodzonymi w maju<\/p>\n<p>&#8211; Rozwijanie szacunku do symboli narodowych oraz tradycji i historii Polski.<\/p>\n<p>&#8211; Rozwijanie zainteresowa\u0144 czytelniczych dzieci oraz kszta\u0142towanie pozytywnego stosunku do ksi\u0105\u017cek jako \u017ar\u00f3d\u0142a wiedzy i przyjemno\u015bci.<\/p>\n<\/div>\n<p>[\/vc_wp_text][\/vc_tta_section][vc_tta_section title=&#8221;Ciekawostki dla rodzic\u00f3w&#8221; tab_id=&#8221;1568306822912-2305aa57-53de&#8221;][vc_row_inner row_color=&#8221;#ffffff&#8221; row_head_color=&#8221;#ffffff&#8221; row_link_color=&#8221;#ffffff&#8221;][vc_column_inner width=&#8221;2\/3&#8243; css=&#8221;.vc_custom_1429074013896{padding-left: 0px !important;}&#8221;][vc_column_text css=&#8221;&#8221;]<\/p>\n<p>&nbsp;<\/p>\n<p>Czy wiedz\u0105 Pa\u0144stwo, \u017ce zabawa <strong>robotem Bee-Bot<\/strong> to co\u015b wi\u0119cej ni\u017c tylko sterowanie zabawk\u0105? To pierwsze kroki w rozwijaniu u dzieci my\u015blenia komputacyjnego \u2013 czyli umiej\u0119tno\u015bci logicznego my\u015blenia, planowania i rozwi\u0105zywania problem\u00f3w. Podczas pracy z robotami do kodowania dzieci: ucz\u0105 si\u0119 przewidywa\u0107 skutki swoich dzia\u0142a\u0144 (\u201eCo si\u0119 stanie, je\u015bli nacisn\u0119 dwa razy strza\u0142k\u0119 do przodu?\u201d),<\/p>\n<p>planuj\u0105 tras\u0119 krok po kroku, \u0107wicz\u0105 orientacj\u0119 w przestrzeni, ucz\u0105 si\u0119 cierpliwo\u015bci i wyci\u0105gania wniosk\u00f3w z b\u0142\u0119d\u00f3w. Co wa\u017cne \u2013 wszystko odbywa si\u0119 poprzez ruch, zabaw\u0119 i wsp\u00f3\u0142prac\u0119 z r\u00f3wie\u015bnikami. Dzieci nie korzystaj\u0105 z ekranu, a mimo to poznaj\u0105 podstawy programowania! To doskona\u0142y przyk\u0142ad na to, \u017ce nauka logicznego my\u015blenia mo\u017ce by\u0107 radosn\u0105 przygod\u0105.<\/p>\n<p>&nbsp;<\/p>\n<p><a href=\"https:\/\/przedszkole99.edu.wroclaw.pl\/wp-content\/uploads\/sites\/14\/2025\/12\/Przechwytywanie.png\"><img loading=\"lazy\" decoding=\"async\" class=\"alignnone size-medium wp-image-8411\" src=\"https:\/\/przedszkole99.edu.wroclaw.pl\/wp-content\/uploads\/sites\/14\/2025\/12\/Przechwytywanie-262x300.png\" alt=\"\" width=\"262\" height=\"300\" srcset=\"https:\/\/przedszkole99.edu.wroclaw.pl\/wp-content\/uploads\/sites\/14\/2025\/12\/Przechwytywanie-262x300.png 262w, https:\/\/przedszkole99.edu.wroclaw.pl\/wp-content\/uploads\/sites\/14\/2025\/12\/Przechwytywanie.png 414w\" sizes=\"auto, (max-width: 262px) 100vw, 262px\" \/>\u0179r\u00f3d\u0142o: https:\/\/panilogopedyczna.pl<\/a>[\/vc_column_text][\/vc_column_inner][vc_column_inner width=&#8221;1\/3&#8243; text_align=&#8221;right&#8221; css=&#8221;.vc_custom_1429074444664{padding-right: 0px !important;}&#8221;][vc_column_text]<\/p>\n<p>[\/vc_column_text][\/vc_column_inner][\/vc_row_inner][\/vc_tta_section][vc_tta_section title=&#8221;Kontakt&#8221; tab_id=&#8221;1568306863553-70865cb4-2ea9&#8243;][vc_row_inner row_color=&#8221;#ffffff&#8221; row_head_color=&#8221;#ffffff&#8221; row_link_color=&#8221;#ffffff&#8221;][vc_column_inner width=&#8221;2\/3&#8243; css=&#8221;.vc_custom_1429074013896{padding-left: 0px !important;}&#8221;][vc_column_text]<\/p>\n<p style=\"text-align: center\"><strong>Przedszkole nr 99<\/strong><br \/>\nul. Inowroc\u0142awska9<br \/>\ntel: 71\/798-68-27<br \/>\ntel. wew. dyrektor: 100<br \/>\ntel. wew. wicedyrektor: 101<br \/>\ntel. wew. intendent: 110<br \/>\n<strong>tel. wew. grupa II: 202<\/strong><br \/>\n<strong>oddzia\u0142 grupy II czynny: 7.00-16.30<\/strong><\/p>\n<p>[\/vc_column_text][\/vc_column_inner][vc_column_inner width=&#8221;1\/3&#8243; text_align=&#8221;right&#8221; css=&#8221;.vc_custom_1429074444664{padding-right: 0px !important;}&#8221;][vc_column_text]<\/p>\n<p>[\/vc_column_text][\/vc_column_inner][\/vc_row_inner][\/vc_tta_section][\/vc_tta_tabs][\/vc_column][\/vc_row]<\/p>\n<\/div>","protected":false},"excerpt":{"rendered":"<p>[vc_row css=&#8221;.vc_custom_1632475046930{background: #74d341 url(https:\/\/przedszkola.edu.wroclaw.pl\/wp-content\/uploads\/sites\/30\/2021\/06\/tlo.png) !important;}&#8221;][vc_column][vc_tta_tabs active_section=&#8221;1&#8243;][vc_tta_section title=&#8221;O nas&#8221; tab_id=&#8221;1568306432610-56c9604e-e7b8&#8243;][vc_row_inner row_color=&#8221;#ffffff&#8221; row_head_color=&#8221;#ffffff&#8221; row_link_color=&#8221;#ffffff&#8221;][vc_column_inner width=&#8221;2\/3&#8243; css=&#8221;.vc_custom_1429074013896{padding-left: 0px !important;}&#8221;][vc_column_text css=&#8221;&#8221;] Witamy w naszym przedszkolu! Nauczyciele- wychowawca grupy II: Urszula Grechowicz Joanna Mikulska[\/vc_column_text][\/vc_column_inner][vc_column_inner width=&#8221;1\/3&#8243; [&hellip;]<\/p>\n","protected":false},"author":7,"featured_media":0,"parent":0,"menu_order":0,"comment_status":"closed","ping_status":"closed","template":"","meta":{"ngg_post_thumbnail":0,"footnotes":""},"class_list":["post-3749","page","type-page","status-publish","hentry","clearfix"],"_links":{"self":[{"href":"https:\/\/przedszkole99.edu.wroclaw.pl\/index.php\/wp-json\/wp\/v2\/pages\/3749","targetHints":{"allow":["GET"]}}],"collection":[{"href":"https:\/\/przedszkole99.edu.wroclaw.pl\/index.php\/wp-json\/wp\/v2\/pages"}],"about":[{"href":"https:\/\/przedszkole99.edu.wroclaw.pl\/index.php\/wp-json\/wp\/v2\/types\/page"}],"author":[{"embeddable":true,"href":"https:\/\/przedszkole99.edu.wroclaw.pl\/index.php\/wp-json\/wp\/v2\/users\/7"}],"replies":[{"embeddable":true,"href":"https:\/\/przedszkole99.edu.wroclaw.pl\/index.php\/wp-json\/wp\/v2\/comments?post=3749"}],"version-history":[{"count":456,"href":"https:\/\/przedszkole99.edu.wroclaw.pl\/index.php\/wp-json\/wp\/v2\/pages\/3749\/revisions"}],"predecessor-version":[{"id":8620,"href":"https:\/\/przedszkole99.edu.wroclaw.pl\/index.php\/wp-json\/wp\/v2\/pages\/3749\/revisions\/8620"}],"wp:attachment":[{"href":"https:\/\/przedszkole99.edu.wroclaw.pl\/index.php\/wp-json\/wp\/v2\/media?parent=3749"}],"curies":[{"name":"wp","href":"https:\/\/api.w.org\/{rel}","templated":true}]}}