
{"id":2925,"date":"2015-11-05T08:36:45","date_gmt":"2015-11-05T07:36:45","guid":{"rendered":"http:\/\/localhost\/p4\/?page_id=2925"},"modified":"2025-12-31T10:43:53","modified_gmt":"2025-12-31T09:43:53","slug":"kadra","status":"publish","type":"page","link":"https:\/\/przedszkole99.edu.wroclaw.pl\/index.php\/kadra\/","title":{"rendered":"Kadra"},"content":{"rendered":"<div class=\"wpb-content-wrapper\"><p>[vc_row][vc_column][vc_wp_text]<\/p>\n<p style=\"text-align: justify\">Zapewniamy wysoko wykwalifikowan\u0105 i do\u015bwiadczon\u0105 , zaanga\u017cowan\u0105 w swoj\u0105 prac\u0119 kadr\u0119 pedagogiczn\u0105, otwart\u0105 na potrzeby ka\u017cdego dziecka. W celu systematycznego rozszerzania oferty edukacyjnej plac\u00f3wki adekwatnie do zmieniaj\u0105cych si\u0119 potrzeb naszych wychowank\u00f3w zesp\u00f3\u0142 pedagog\u00f3w stale doskonali swoje kompetencje zawodowe. Opr\u00f3cz wykszta\u0142cenia kierunkowego ( wy\u017csze wykszta\u0142cenie w zakresie wychowania przedszkolnego i edukacji wczesnoszkolnej ), nauczyciele naszego przedszkola posiadaj\u0105 zdobyte podczas uczestnictwa w studiach podyplomowych, kursach kwalifikacyjnych, dodatkowe kwalifikacje zawodowe z zakresu logopedii, terapii pedagogicznej, pedagogiki specjalnej, arteterapii oraz j\u0119zyka angielskiego.<\/p>\n<p><strong>KADRA PEDAGOGICZNA PRZEDSZKOLA NR 99<\/strong><\/p>\n<p><strong>Dyrektor:<\/strong> Anna \u0141ukawska<\/p>\n<p><strong>Wicedyrektor:<\/strong> Katarzyna Gu\u0142owska-Balcerzak<\/p>\n<p><strong>Kadra nauczycielska:<\/strong><\/p>\n<ol>\n<li>Jolanta Dondziak<\/li>\n<li>Barbara G.Graczyk<\/li>\n<li>Agata Daniuk<\/li>\n<li>Beata \u0141ozi\u0144ska<\/li>\n<li>Urszula Grechowicz<\/li>\n<li>Katarzyna Szyma\u0144ska<\/li>\n<li>Joanna Mikulska<\/li>\n<\/ol>\n<p><strong>Logopeda:<\/strong>Dorota Broczek<strong><br \/>\n<\/strong><\/p>\n<p><strong>Nauczyciel gimnastyki og\u00f3lnorozwojowej: Justyna Petry<\/strong><\/p>\n<p><strong>Katecheta<\/strong>: Ma\u0142gorzata Ryba<\/p>\n<p><strong>Pomoc nauczyciela<\/strong>: Magdalena Bia\u0142as- gr.1<\/p>\n<p><strong>Pedagog specjalny:<\/strong> Beata \u0141ozi\u0144ska, Dorota Broczek<\/p>\n<p><strong>Psycholog:<\/strong> Aleksandra Drogosz[\/vc_wp_text][\/vc_column][\/vc_row]<\/p>\n<\/div>","protected":false},"excerpt":{"rendered":"<p>[vc_row][vc_column][vc_wp_text] Zapewniamy wysoko wykwalifikowan\u0105 i do\u015bwiadczon\u0105 , zaanga\u017cowan\u0105 w swoj\u0105 prac\u0119 kadr\u0119 pedagogiczn\u0105, otwart\u0105 na potrzeby ka\u017cdego dziecka. W celu systematycznego rozszerzania oferty edukacyjnej plac\u00f3wki adekwatnie do zmieniaj\u0105cych si\u0119 potrzeb [&hellip;]<\/p>\n","protected":false},"author":7,"featured_media":0,"parent":0,"menu_order":0,"comment_status":"closed","ping_status":"closed","template":"","meta":{"ngg_post_thumbnail":0,"footnotes":""},"class_list":["post-2925","page","type-page","status-publish","hentry","clearfix"],"_links":{"self":[{"href":"https:\/\/przedszkole99.edu.wroclaw.pl\/index.php\/wp-json\/wp\/v2\/pages\/2925","targetHints":{"allow":["GET"]}}],"collection":[{"href":"https:\/\/przedszkole99.edu.wroclaw.pl\/index.php\/wp-json\/wp\/v2\/pages"}],"about":[{"href":"https:\/\/przedszkole99.edu.wroclaw.pl\/index.php\/wp-json\/wp\/v2\/types\/page"}],"author":[{"embeddable":true,"href":"https:\/\/przedszkole99.edu.wroclaw.pl\/index.php\/wp-json\/wp\/v2\/users\/7"}],"replies":[{"embeddable":true,"href":"https:\/\/przedszkole99.edu.wroclaw.pl\/index.php\/wp-json\/wp\/v2\/comments?post=2925"}],"version-history":[{"count":35,"href":"https:\/\/przedszkole99.edu.wroclaw.pl\/index.php\/wp-json\/wp\/v2\/pages\/2925\/revisions"}],"predecessor-version":[{"id":8427,"href":"https:\/\/przedszkole99.edu.wroclaw.pl\/index.php\/wp-json\/wp\/v2\/pages\/2925\/revisions\/8427"}],"wp:attachment":[{"href":"https:\/\/przedszkole99.edu.wroclaw.pl\/index.php\/wp-json\/wp\/v2\/media?parent=2925"}],"curies":[{"name":"wp","href":"https:\/\/api.w.org\/{rel}","templated":true}]}}