
{"id":264,"date":"2015-04-28T08:29:31","date_gmt":"2015-04-28T08:29:31","guid":{"rendered":"http:\/\/demo.cmssuperheroes.com\/themeforest\/wp-kindergarten\/?page_id=264"},"modified":"2026-02-27T13:21:17","modified_gmt":"2026-02-27T12:21:17","slug":"kontakt","status":"publish","type":"page","link":"https:\/\/przedszkole99.edu.wroclaw.pl\/index.php\/kontakt\/","title":{"rendered":"Kontakt"},"content":{"rendered":"<div class=\"wpb-content-wrapper\"><p>[vc_row full_width=&#8221;1&#8243;][vc_column][vc_raw_html]JTNDaWZyYW1lJTIwd2lkdGglM0QlMjIxMDAlMjUlMjIlMjBoZWlnaHQlM0QlMjI0MDAlMjIlMjBpZCUzRCUyMmdtYXBfY2FudmFzJTIyJTIwc3JjJTNEJTIyaHR0cHMlM0ElMkYlMkZtYXBzLmdvb2dsZS5jb20lMkZtYXBzJTNGcSUzRCUyNTIwdWwuJTI1MjBJbm93cm9jJTI1QzUlMjU4MmF3c2thJTI1MjA5JTI1MkMlMjUyMDUzLTY1MyUyNTIwV3JvYyUyNUM1JTI1ODJhdyUyNnQlM0QlMjZ6JTNEMTMlMjZpZSUzRFVURjglMjZpd2xvYyUzRCUyNm91dHB1dCUzRGVtYmVkJTIyJTIwZnJhbWVib3JkZXIlM0QlMjIwJTIyJTIwc2Nyb2xsaW5nJTNEJTIybm8lMjIlMjBtYXJnaW5oZWlnaHQlM0QlMjIwJTIyJTIwbWFyZ2lud2lkdGglM0QlMjIwJTIyJTNFJTNDJTJGaWZyYW1lJTNF[\/vc_raw_html][\/vc_column][\/vc_row][vc_row row_head_color=&#8221;#575656&#8243;][vc_column width=&#8221;1\/2&#8243; css=&#8221;.vc_custom_1447931732230{background-position: center !important;background-repeat: no-repeat !important;background-size: cover !important;}&#8221;][vc_single_image image=&#8221;3733&#8243; img_size=&#8221;full&#8221;][\/vc_column][vc_column width=&#8221;1\/2&#8243;][vc_column_text]<\/p>\n<h2 style=\"color: #017e9d;font-size: 26px\">Przedszkolu nr 99<\/h2>\n<p>[\/vc_column_text][vc_separator color=&#8221;custom&#8221; align=&#8221;align_left&#8221; border_width=&#8221;4&#8243; el_width=&#8221;50&#8243; custom_sparator_width=&#8221;155px&#8221; accent_color=&#8221;#017e9d&#8221;][vc_column_text css=&#8221;&#8221;]<\/p>\n<h3>Adres<\/h3>\n<p>ul. Inowroc\u0142awska 9,<br \/>\n53-653 Wroc\u0142aw<\/p>\n<h3>Numer telefonu<\/h3>\n<p>71 798 68 27<\/p>\n<p>Numery wewn\u0119trzne:<\/p>\n<ul>\n<li>100- dyrektor<\/li>\n<li>101-wicedyrektor<\/li>\n<li>110-intendent<\/li>\n<li>201- grupa I<\/li>\n<li>202-grupa II<\/li>\n<li>203- grupa III<\/li>\n<li>204- grupa IV<\/li>\n<li>205- grupa V<\/li>\n<\/ul>\n<h3>Adres email<\/h3>\n<p>sekretariat.p099@wroclawskaedukacja.pl<\/p>\n<p>NIP 897 16 15 754<\/p>\n<p>Dyrektor Przedszkola 99 we Wroc\u0142awiu w sprawie skarg i wniosk\u00f3w przyjmuje w ka\u017cd\u0105 \u015brod\u0119 w godzinach 10.00-10.30<\/p>\n<p>Kontakt z plac\u00f3wk\u0105 za po\u015brednictwem skrzynki pocztowej ePUAP:<\/p>\n<p>ePUAP:\/P099Wroclaw\/SkrytkaESP<\/p>\n<p>[\/vc_column_text][\/vc_column][\/vc_row]<\/p>\n<\/div>","protected":false},"excerpt":{"rendered":"<p>[vc_row full_width=&#8221;1&#8243;][vc_column][vc_raw_html]JTNDaWZyYW1lJTIwd2lkdGglM0QlMjIxMDAlMjUlMjIlMjBoZWlnaHQlM0QlMjI0MDAlMjIlMjBpZCUzRCUyMmdtYXBfY2FudmFzJTIyJTIwc3JjJTNEJTIyaHR0cHMlM0ElMkYlMkZtYXBzLmdvb2dsZS5jb20lMkZtYXBzJTNGcSUzRCUyNTIwdWwuJTI1MjBJbm93cm9jJTI1QzUlMjU4MmF3c2thJTI1MjA5JTI1MkMlMjUyMDUzLTY1MyUyNTIwV3JvYyUyNUM1JTI1ODJhdyUyNnQlM0QlMjZ6JTNEMTMlMjZpZSUzRFVURjglMjZpd2xvYyUzRCUyNm91dHB1dCUzRGVtYmVkJTIyJTIwZnJhbWVib3JkZXIlM0QlMjIwJTIyJTIwc2Nyb2xsaW5nJTNEJTIybm8lMjIlMjBtYXJnaW5oZWlnaHQlM0QlMjIwJTIyJTIwbWFyZ2lud2lkdGglM0QlMjIwJTIyJTNFJTNDJTJGaWZyYW1lJTNF[\/vc_raw_html][\/vc_column][\/vc_row][vc_row row_head_color=&#8221;#575656&#8243;][vc_column width=&#8221;1\/2&#8243; css=&#8221;.vc_custom_1447931732230{background-position: center !important;background-repeat: no-repeat !important;background-size: cover !important;}&#8221;][vc_single_image image=&#8221;3733&#8243; img_size=&#8221;full&#8221;][\/vc_column][vc_column width=&#8221;1\/2&#8243;][vc_column_text] Przedszkolu nr 99 [\/vc_column_text][vc_separator color=&#8221;custom&#8221; align=&#8221;align_left&#8221; border_width=&#8221;4&#8243; el_width=&#8221;50&#8243; custom_sparator_width=&#8221;155px&#8221; accent_color=&#8221;#017e9d&#8221;][vc_column_text css=&#8221;&#8221;] Adres ul. Inowroc\u0142awska 9, 53-653 [&hellip;]<\/p>\n","protected":false},"author":7,"featured_media":0,"parent":0,"menu_order":0,"comment_status":"closed","ping_status":"closed","template":"","meta":{"ngg_post_thumbnail":0,"footnotes":""},"class_list":["post-264","page","type-page","status-publish","hentry","clearfix"],"_links":{"self":[{"href":"https:\/\/przedszkole99.edu.wroclaw.pl\/index.php\/wp-json\/wp\/v2\/pages\/264","targetHints":{"allow":["GET"]}}],"collection":[{"href":"https:\/\/przedszkole99.edu.wroclaw.pl\/index.php\/wp-json\/wp\/v2\/pages"}],"about":[{"href":"https:\/\/przedszkole99.edu.wroclaw.pl\/index.php\/wp-json\/wp\/v2\/types\/page"}],"author":[{"embeddable":true,"href":"https:\/\/przedszkole99.edu.wroclaw.pl\/index.php\/wp-json\/wp\/v2\/users\/7"}],"replies":[{"embeddable":true,"href":"https:\/\/przedszkole99.edu.wroclaw.pl\/index.php\/wp-json\/wp\/v2\/comments?post=264"}],"version-history":[{"count":25,"href":"https:\/\/przedszkole99.edu.wroclaw.pl\/index.php\/wp-json\/wp\/v2\/pages\/264\/revisions"}],"predecessor-version":[{"id":8555,"href":"https:\/\/przedszkole99.edu.wroclaw.pl\/index.php\/wp-json\/wp\/v2\/pages\/264\/revisions\/8555"}],"wp:attachment":[{"href":"https:\/\/przedszkole99.edu.wroclaw.pl\/index.php\/wp-json\/wp\/v2\/media?parent=264"}],"curies":[{"name":"wp","href":"https:\/\/api.w.org\/{rel}","templated":true}]}}