
{"id":14,"date":"2015-04-02T09:10:13","date_gmt":"2015-04-02T07:10:13","guid":{"rendered":"http:\/\/demo.cmssuperheroes.com\/themeforest\/wp-kindergarten\/?page_id=14"},"modified":"2021-04-07T14:16:20","modified_gmt":"2021-04-07T12:16:20","slug":"home","status":"publish","type":"page","link":"https:\/\/przedszkole99.edu.wroclaw.pl\/","title":{"rendered":"Strona g\u0142\u00f3wna"},"content":{"rendered":"<div class=\"wpb-content-wrapper\"><p>[vc_row row_head_color=&#8221;#575656&#8243;][vc_column text_align=&#8221;center&#8221; offset=&#8221;vc_col-lg-6 vc_col-md-12 vc_col-xs-12&#8243;][vc_column_text]<\/p>\n<h1 style=\"text-align: center;\"><span style=\"font-size: 42pt; color: #017e9d;\">O Przedszkolu nr 99<\/span><\/h1>\n<p>[\/vc_column_text][vc_separator color=&#8221;custom&#8221; border_width=&#8221;4&#8243; el_width=&#8221;50&#8243; custom_sparator_width=&#8221;155px&#8221; accent_color=&#8221;#017e9d&#8221; css=&#8221;.vc_custom_1617796580793{margin-top: -30px !important;}&#8221;][vc_column_text]<\/p>\n<p style=\"text-align: left;\">Przedszkole zlokalizowane jest w dzielnicy Stare Miasto ( osiedle Szczepin ), w miejscu bardzo dobrze skomunikowanym z ca\u0142ym miastem. Jednopi\u0119trowy wolnostoj\u0105cy budynek otoczony du\u017cym zadrzewionym placem zabaw dla dzieci, usytuowany jest w zabudowie mi\u0119dzyblokowej.<\/p>\n<p><!--more-->[\/vc_column_text][vc_btn title=&#8221;wi\u0119cej&#8230;&#8221; style=&#8221;flat&#8221; color=&#8221;primary&#8221; align=&#8221;right&#8221; link=&#8221;url:https%3A%2F%2Fprzedszkole99.edu.wroclaw.pl%2F%3Fpage_id%3D3898||&#8221;][\/vc_column][vc_column text_align=&#8221;center&#8221; offset=&#8221;vc_col-lg-6 vc_col-md-12 vc_col-xs-12&#8243;][vc_wp_text]<\/p>\n<p><img loading=\"lazy\" decoding=\"async\" class=\"aligncenter wp-image-3862\" src=\"https:\/\/przedszkole99.edu.wroclaw.pl\/wp-content\/uploads\/sites\/14\/2016\/02\/F01239.jpg\" alt=\"F01239\" width=\"431\" height=\"294\"><\/p>\n<p>[\/vc_wp_text][\/vc_column][\/vc_row][vc_row row_head_color=&#8221;#575656&#8243; css=&#8221;.vc_custom_1429789296533{padding-top: 60px !important;padding-bottom: 30px !important;}&#8221;][vc_column text_align=&#8221;center&#8221; offset=&#8221;vc_col-lg-6 vc_col-md-6 vc_col-xs-12&#8243;][vc_empty_space height=&#8221;60px&#8221;][vc_wp_text]<a href=\"https:\/\/przedszkole99.edu.wroclaw.pl\/wp-content\/uploads\/sites\/14\/2016\/02\/DSC00748.jpg\" rel=\"attachment wp-att-3859\"><img loading=\"lazy\" decoding=\"async\" class=\"alignnone size-medium wp-image-3859\" src=\"https:\/\/przedszkole99.edu.wroclaw.pl\/wp-content\/uploads\/sites\/14\/2016\/02\/DSC00748-300x225.jpg\" alt=\"Przedszkole od \u015brodka\" width=\"479\" height=\"359\" srcset=\"https:\/\/przedszkole99.edu.wroclaw.pl\/wp-content\/uploads\/sites\/14\/2016\/02\/DSC00748-300x225.jpg 300w, https:\/\/przedszkole99.edu.wroclaw.pl\/wp-content\/uploads\/sites\/14\/2016\/02\/DSC00748-768x576.jpg 768w, https:\/\/przedszkole99.edu.wroclaw.pl\/wp-content\/uploads\/sites\/14\/2016\/02\/DSC00748-1024x768.jpg 1024w, https:\/\/przedszkole99.edu.wroclaw.pl\/wp-content\/uploads\/sites\/14\/2016\/02\/DSC00748-624x468.jpg 624w\" sizes=\"auto, (max-width: 479px) 100vw, 479px\" \/><\/a>[\/vc_wp_text][\/vc_column][vc_column text_align=&#8221;center&#8221; offset=&#8221;vc_col-lg-6 vc_col-md-12 vc_col-xs-12&#8243;][vc_column_text]<\/p>\n<h1 style=\"text-align: center;\"><span style=\"font-size: 42pt; color: #017e9d;\">Zaplecze<\/span><\/h1>\n<p>[\/vc_column_text][vc_separator color=&#8221;custom&#8221; border_width=&#8221;4&#8243; el_width=&#8221;30&#8243; custom_sparator_width=&#8221;155px&#8221; accent_color=&#8221;#017e9d&#8221; css=&#8221;.vc_custom_1617796842064{margin-top: -30px !important;}&#8221;][vc_column_text]<\/p>\n<p style=\"text-align: left;\">Przedszkole jest plac\u00f3wk\u0105 5 \u2013 oddzia\u0142ow\u0105 czynn\u0105 w godz. 6.30 \u2013 17.00. Dysponuje dobrze wyposa\u017con\u0105 i zorganizowan\u0105, stale unowocze\u015bnian\u0105 baz\u0105 lokalow\u0105 i materia\u0142ow\u0105. Dzi\u0119ki przeprowadzonym w ostatnich kilku latach inwestycjom budynek i jego otoczenie ca\u0142kowicie zmieni\u0142y sw\u00f3j wygl\u0105d. Plac\u00f3wka zyska\u0142a now\u0105, bardzo estetyczn\u0105 elewacj\u0119 oraz ogrodzenie, a wszystkie pomieszczenia przedszkola zosta\u0142y gruntownie wyremontowane. Sale zabaw ( wszystkie z przyleg\u0142ymi sanitariatami ) s\u0105 jasne, kolorowe, s\u0142oneczne, wyposa\u017cone w spos\u00f3b odpowiadaj\u0105cy potrzebom ma\u0142ego dziecka. Na terenie du\u017cego ogrodu przedszkolnego znajduje si\u0119 bezpieczny dla dzieci drewniany sprz\u0119t do r\u00f3\u017cnorodnej aktywno\u015bci ma\u0142ych przedszkolak\u00f3w. Budynek przedszkola nie jest przystosowany do potrzeb os\u00f3b niepe\u0142nosprawnych (brak podjazdu i windy ).Opiek\u0119 zdrowotn\u0105 zapewniaj\u0105 rodzice \u2013 w przedszkolu nie ma gabinetu lekarskiego. Plac\u00f3wka dysponuje w\u0142asn\u0105, nowocze\u015bnie wyposa\u017con\u0105 kuchni\u0105, w kt\u00f3rej przygotowywane s\u0105 trzy posi\u0142ki dziennie: \u015bniadanie, zupa + deser, drugie danie &#8211; zgodnie z indywidualnymi potrzebami wychowank\u00f3w. Godziny posi\u0142k\u00f3w: 8.30, 11.30, 14.30<\/p>\n<p>[\/vc_column_text][\/vc_column][\/vc_row]<\/p>\n<\/div>","protected":false},"excerpt":{"rendered":"<p>[vc_row row_head_color=&#8221;#575656&#8243;][vc_column text_align=&#8221;center&#8221; offset=&#8221;vc_col-lg-6 vc_col-md-12 vc_col-xs-12&#8243;][vc_column_text] O Przedszkolu nr 99 [\/vc_column_text][vc_separator color=&#8221;custom&#8221; border_width=&#8221;4&#8243; el_width=&#8221;50&#8243; custom_sparator_width=&#8221;155px&#8221; accent_color=&#8221;#017e9d&#8221; css=&#8221;.vc_custom_1617796580793{margin-top: -30px !important;}&#8221;][vc_column_text] Przedszkole zlokalizowane jest w dzielnicy Stare Miasto ( osiedle Szczepin ), [&hellip;]<\/p>\n","protected":false},"author":7,"featured_media":0,"parent":0,"menu_order":0,"comment_status":"closed","ping_status":"closed","template":"","meta":{"ngg_post_thumbnail":0,"footnotes":""},"class_list":["post-14","page","type-page","status-publish","hentry","clearfix"],"_links":{"self":[{"href":"https:\/\/przedszkole99.edu.wroclaw.pl\/index.php\/wp-json\/wp\/v2\/pages\/14","targetHints":{"allow":["GET"]}}],"collection":[{"href":"https:\/\/przedszkole99.edu.wroclaw.pl\/index.php\/wp-json\/wp\/v2\/pages"}],"about":[{"href":"https:\/\/przedszkole99.edu.wroclaw.pl\/index.php\/wp-json\/wp\/v2\/types\/page"}],"author":[{"embeddable":true,"href":"https:\/\/przedszkole99.edu.wroclaw.pl\/index.php\/wp-json\/wp\/v2\/users\/7"}],"replies":[{"embeddable":true,"href":"https:\/\/przedszkole99.edu.wroclaw.pl\/index.php\/wp-json\/wp\/v2\/comments?post=14"}],"version-history":[{"count":88,"href":"https:\/\/przedszkole99.edu.wroclaw.pl\/index.php\/wp-json\/wp\/v2\/pages\/14\/revisions"}],"predecessor-version":[{"id":5355,"href":"https:\/\/przedszkole99.edu.wroclaw.pl\/index.php\/wp-json\/wp\/v2\/pages\/14\/revisions\/5355"}],"wp:attachment":[{"href":"https:\/\/przedszkole99.edu.wroclaw.pl\/index.php\/wp-json\/wp\/v2\/media?parent=14"}],"curies":[{"name":"wp","href":"https:\/\/api.w.org\/{rel}","templated":true}]}}